{"id":197,"date":"2025-05-16T18:16:39","date_gmt":"2025-05-16T16:16:39","guid":{"rendered":"https:\/\/jasminelightsouls.com\/?page_id=197"},"modified":"2025-06-05T13:33:03","modified_gmt":"2025-06-05T11:33:03","slug":"house-space-clearing-and-harmonization","status":"publish","type":"page","link":"https:\/\/jasminelightsouls.com\/hu\/house-space-clearing-and-harmonization\/","title":{"rendered":"H\u00e1z, t\u00e9rtiszt\u00edt\u00e1s \u00e9s harmoniz\u00e1l\u00e1s"},"content":{"rendered":"<div class=\"banner has-hover has-parallax\" id=\"banner-527546694\">\n          <div class=\"banner-inner fill\">\n        <div class=\"banner-bg fill\" data-parallax=\"-4\" data-parallax-container=\".banner\" data-parallax-background>\n            <img loading=\"lazy\" decoding=\"async\" width=\"2560\" height=\"750\" src=\"https:\/\/jasminelightsouls.com\/wp-content\/uploads\/2025\/05\/banner1-2-scaled.png\" class=\"bg attachment-original size-original\" alt=\"\" \/>                        <div class=\"overlay\"><\/div>            \n                    <\/div>\n\t\t\n        <div class=\"banner-layers container\">\n            <div class=\"fill banner-link\"><\/div>            \n\n   <div id=\"text-box-1870774275\" class=\"text-box banner-layer x50 md-x50 lg-x50 y50 md-y50 lg-y50 res-text\">\n                     <div data-animate=\"blurIn\">           <div class=\"text-box-content text\">\n              \n              <div class=\"text-inner text-center\">\n                  \n\n\t<div id=\"text-3170853322\" class=\"text\">\n\t\t\n\n<h3 class=\"uppercase\"><strong>H\u00e1z, \u00e9s t\u00e9rtiszt\u00edt\u00e1s \u00e9s harmoniz\u00e1l\u00e1s<\/strong><\/h3>\n\t\t\n<style>\n#text-3170853322 {\n  color: rgb(241, 235, 216);\n}\n#text-3170853322 > * {\n  color: rgb(241, 235, 216);\n}\n<\/style>\n\t<\/div>\n\t\n\n              <\/div>\n           <\/div>\n       <\/div>                     \n<style>\n#text-box-1870774275 {\n  width: 76%;\n}\n#text-box-1870774275 .text-box-content {\n  font-size: 160%;\n}\n<\/style>\n    <\/div>\n \n\n        <\/div>\n      <\/div>\n\n            \n<style>\n#banner-527546694 {\n  padding-top: 250px;\n}\n#banner-527546694 .overlay {\n  background-color: rgba(175, 166, 136, 0.738);\n}\n<\/style>\n  <\/div>\n\n\n\n\t<section class=\"section\" id=\"section_1457416307\">\n\t\t<div class=\"section-bg fill\" >\n\t\t\t\t\t\t\t\t\t\n\t\t\t\n\n\t\t<\/div>\n\n\t\t\n\n\t\t<div class=\"section-content relative\">\n\t\t\t\n\n<div class=\"row row-large\"  id=\"row-1674686085\">\n\n\n\t<div id=\"col-498274871\" class=\"col medium-8 small-12 large-8\"  >\n\t\t\t\t<div class=\"col-inner\"  >\n\t\t\t\n\t\t\t\n\n<p>Minden lak\u00e1snak \u00e9s h\u00e1znak van lak\u00f3ja, akikr\u0151l nem is tudunk. Ezek lehetnek a szellemvil\u00e1gb\u00f3l vagy m\u00e1s dimenzi\u00f3b\u00f3l l\u00e9nyek. Amire senki nem sz\u00e1m\u00edt, j\u00f6het egy kedves l\u00e1togat\u00f3nk \u00e9s akaratlanul is behozhat valamit, vagy valakit.<\/p>\n<p>Ahol sok id\u0151t t\u00f6lt\u00fcnk, (otthon, munkahely) fontos, hogy kellemes l\u00e9gk\u00f6rben t\u00f6lts\u00fck azt.<\/p>\n<p>Van, amikor nagyon kellemesen, harm\u00f3ni\u00e1ban \u00e9l\u00fcnk otthonunkban \u00e9s \u00e9let\u00fcnk minden ter\u00fclet\u00e9n rend van.<\/p>\n<p>Viszont amikor nyugtalans\u00e1g, rossz k\u00f6z\u00e9rzet, r\u00e9m\u00e1lmok k\u00f6vetik egym\u00e1st, nem tal\u00e1ljuk a hely\u00fcnket \u00e9s szinte menek\u00fcl\u00fcnk a saj\u00e1t otthonunkb\u00f3l. Ebben az esetben l\u00e9tfontoss\u00e1g\u00fa a t\u00e9rtiszt\u00edt\u00e1s. \u00c1ltal\u00e1ban p\u00e1r napon bel\u00fcl a pozit\u00edv v\u00e1ltoz\u00e1sra lehet sz\u00e1m\u00edtani.<\/p>\n<p>Ha egy helyis\u00e9gbe bel\u00e9pve kellemetlen\u00fcl vagy izgatottnak (amit nem tudunk megmagyar\u00e1zni, mi\u00e9rt) vagy fesz\u00fcltnek \u00e9rezz\u00fck magunkat, ha az otthonunkban nem tudunk igaz\u00e1n pihenni, k\u00f6nnyen lehet, hogy ott t\u00e9rtiszt\u00edt\u00e1sra van sz\u00fcks\u00e9g.<\/p>\n<p>A v\u00e9geredm\u00e9nye a t\u00e9rtiszt\u00edt\u00e1snak az, hogy egy sokkal k\u00f6nnyedebb t\u00e9rben \u00e9rzed majd magad, ami felemel\u0151, felt\u00f6lt\u0151 \u00e9rz\u00e9st ny\u00fajt. Kipihentebbnek, energikusabbnak, hat\u00e9konyabbnak \u00e9s koncentr\u00e1ltabbnak fogod magad \u00e9rezni.<\/p>\n<p>T\u00e9rtiszt\u00edt\u00e1ssal a negat\u00edv rezg\u00e9sek \u00e1talak\u00edthat\u00f3k pozit\u00edvv\u00e1. A t\u00e9rtiszt\u00edt\u00e1s sor\u00e1n elt\u00e1vol\u00edtok minden neh\u00e9z, visszah\u00faz\u00f3 energi\u00e1t, \u00e9s felt\u00f6lt\u00f6m a helyis\u00e9get friss \u00e9leter\u0151vel.<\/p>\n<p><strong><i class=\"fa-solid fa-tags\"><\/i> T\u00e9rtiszt\u00edt\u00e1s  - 18000 ft<\/strong><\/p>\n\n\n\t\t<\/div>\n\t\t\t\t\t<\/div>\n\n\t\n\n\t<div id=\"col-1082700862\" class=\"col medium-4 small-12 large-4\"  >\n\t\t\t\t<div class=\"col-inner text-center dark\" style=\"background-color:rgb(183, 152, 88);\" >\n\t\t\t\n\t\t\t\n\n<h2>Kapcsolat<\/h2>\n<p><i class=\"fa-solid fa-envelope\"><\/i> jasminelightsouls@gmail.com<\/p>\n<div data-uniq='6a05df61d062e' class='uniq-6a05df61d062e formcraft-css form-live align-center'><style type='text\/css' scoped='scoped'>.powered-by {\n  display: none !important;\n}<\/style><script> window.formcraftLogic = window.formcraftLogic || {}; window.formcraftLogic[1] = []; <\/script><div class=\"fc-pagination-cover fc-pagination-1\">\n\t\t\t\t<div class=\"fc-pagination width-100\">\n\t\t\t\t\t<!-- ngRepeat: page in Builder.FormElements track by $index --><div class=\"pagination-trigger\" data-index=\"0\">\n\t\t\t\t\t\t<span class=\"page-number\"><span >1<\/span><\/span>\n\t\t\t\t\t\t<span class=\"page-name\">Step 1<\/span>\n\t\t\t\t\t\t\n\t\t\t\t\t<\/div><!-- end ngRepeat: page in Builder.FormElements track by $index -->\n\t\t\t\t<\/div>\n\t\t\t<\/div>\n\t\t\t\n\t\t\t<style scoped=\"scoped\" >\n\t\t\t@media (max-width : 480px) {\n\t\t\t\t.fc_modal-dialog-1 .fc-pagination-cover .fc-pagination\n\t\t\t\t{\n\t\t\t\t\tbackground-color: none !important;\n\t\t\t\t}\n\t\t\t}\n\t\t\t\t\t\t.formcraft-css .fc-form.fc-form-1 .form-element .submit-cover .submit-button,\n\t\t\t.formcraft-css .fc-form.fc-form-1 .form-element .fileupload-cover .button-file,\n\t\t\t.formcraft-css .fc-form.fc-form-1 .form-element .field-cover .button,\n\t\t\t.formcraft-datepicker .ui-datepicker-header,\n\t\t\t.formcraft-datepicker .ui-datepicker-title\n\t\t\t{\n\t\t\t\tbackground: #ffffff;\n\t\t\t\tcolor: #afa688;\n\t\t\t}\n\t\t\t.formcraft-datepicker td .ui-state-active,\n\t\t\t.formcraft-datepicker td .ui-state-hover,\n\t\t\t.formcraft-css .fc-form.fc-form-1 .form-element .slider-cover .ui-slider-range\n\t\t\t{\n\t\t\t\tbackground: #ffffff;\n\t\t\t}\n\t\t\t#ui-datepicker-div.formcraft-datepicker .ui-datepicker-header,\n\t\t\t.formcraft-css .fc-form .field-cover>div.full hr\n\t\t\t{\n\t\t\t\tborder-color: #e0e0e0;\n\t\t\t}\n\t\t\t#ui-datepicker-div.formcraft-datepicker .ui-datepicker-prev:hover,\n\t\t\t#ui-datepicker-div.formcraft-datepicker .ui-datepicker-next:hover,\n\t\t\t#ui-datepicker-div.formcraft-datepicker select.ui-datepicker-month:hover,\n\t\t\t#ui-datepicker-div.formcraft-datepicker select.ui-datepicker-year:hover\n\t\t\t{\n\t\t\t\tbackground-color: #e0e0e0;\n\t\t\t}\n\t\t\t.formcraft-css .fc-pagination>div.active .page-number,\n\t\t\t.formcraft-css .form-cover-builder .fc-pagination>div:first-child .page-number\n\t\t\t{\n\t\t\t\tbackground-color: #afa688;\n\t\t\t\tcolor: #afa688;\n\t\t\t}\n\t\t\t#ui-datepicker-div.formcraft-datepicker table.ui-datepicker-calendar th,\n\t\t\t#ui-datepicker-div.formcraft-datepicker table.ui-datepicker-calendar td.ui-datepicker-today a,\n\t\t\t.formcraft-css .fc-form.fc-form-1 .form-element .star-cover label,\n\t\t\thtml .formcraft-css .fc-form.label-floating .form-element .field-cover.has-focus>span,\n\t\t\t.formcraft-css .fc-form.fc-form-1 .form-element .customText-cover a,\n\t\t\t.formcraft-css .prev-next>div span:hover\n\t\t\t{\n\t\t\t\tcolor: #ffffff;\n\t\t\t}\n\t\t\t.formcraft-css .fc-form.fc-form-1 .form-element .customText-cover a:hover\n\t\t\t{\n\t\t\t\tcolor: #e0e0e0;\n\t\t\t}\n\t\t\thtml .formcraft-css .fc-form.fc-form-1.label-floating .form-element .field-cover > span\n\t\t\t{\n\t\t\t\tcolor: #f7f6ee;\n\t\t\t}\n\t\t\thtml .formcraft-css .fc-form .final-success .final-success-check {\n\t\t\t\tborder: 2px solid #f7f6ee;\n\t\t\t}\n\t\t\t.formcraft-css .fc-form.fc-form-1 .form-element .field-cover input[type=\"text\"],\n\t\t\t.formcraft-css .fc-form.fc-form-1 .form-element .field-cover input[type=\"email\"],\n\t\t\t.formcraft-css .fc-form.fc-form-1 .form-element .field-cover input[type=\"password\"],\n\t\t\t.formcraft-css .fc-form.fc-form-1 .form-element .field-cover input[type=\"tel\"],\n\t\t\t.formcraft-css .fc-form.fc-form-1 .form-element .field-cover textarea,\n\t\t\t.formcraft-css .fc-form.fc-form-1 .form-element .field-cover select,\n\t\t\t.formcraft-css .fc-form.fc-form-1 .form-element .field-cover .time-fields-cover,\n\t\t\t.formcraft-css .fc-form.fc-form-1 .form-element .field-cover .awesomplete ul\n\t\t\t{\n\t\t\t\tcolor: #f1ebd8;\n\t\t\t}\n\t\t\t.formcraft-css .fc-form.fc-form-1 .form-element .field-cover input[type=\"text\"],\n\t\t\t.formcraft-css .fc-form.fc-form-1 .form-element .field-cover input[type=\"password\"],\n\t\t\t.formcraft-css .fc-form.fc-form-1 .form-element .field-cover input[type=\"email\"],\n\t\t\t.formcraft-css .fc-form.fc-form-1 .form-element .field-cover input[type=\"radio\"],\n\t\t\t.formcraft-css .fc-form.fc-form-1 .form-element .field-cover input[type=\"checkbox\"],\n\t\t\t.formcraft-css .fc-form.fc-form-1 .form-element .field-cover input[type=\"tel\"],\n\t\t\t.formcraft-css .fc-form.fc-form-1 .form-element .field-cover select,\n\t\t\t.formcraft-css .fc-form.fc-form-1 .form-element .field-cover textarea\n\t\t\t{\n\t\t\t\tbackground-color: #fafafa;\n\t\t\t}\n\t\t\t.formcraft-css .fc-form.fc-form-1 .form-element .field-cover input[type=\"radio\"]:checked,\n\t\t\t.formcraft-css .fc-form.fc-form-1 .form-element .field-cover input[type=\"checkbox\"]:checked {\n\t\t\t\tborder-color: #e0e0e0;\n\t\t\t\tbackground: #ffffff;\t\t\t\t\n\t\t\t}\n\t\t\t.formcraft-css .fc-form.fc-form-1 .form-element .star-cover label .star\n\t\t\t{\n\t\t\t\ttext-shadow: 0px 1px 0px #e0e0e0;\n\t\t\t}\n\t\t\t.formcraft-css .fc-form.fc-form-1 .form-element .slider-cover .ui-slider-range\n\t\t\t{\n\t\t\t\tbox-shadow: 0px 1px 1px #e0e0e0 inset;\n\t\t\t}\n\t\t\t.formcraft-css .fc-form.fc-form-1 .form-element .fileupload-cover .button-file\n\t\t\t{\n\t\t\t\tborder-color: #e0e0e0;\n\t\t\t}\n\t\t\t.formcraft-css .fc-form.fc-form-1 .form-element .form-element-html input[type=\"password\"]:focus,\n\t\t\t.formcraft-css .fc-form.fc-form-1 .form-element .form-element-html input[type=\"email\"]:focus,\n\t\t\t.formcraft-css .fc-form.fc-form-1 .form-element .form-element-html input[type=\"tel\"]:focus,\n\t\t\t.formcraft-css .fc-form.fc-form-1 .form-element .form-element-html input[type=\"text\"]:focus,\n\t\t\t.formcraft-css .fc-form.fc-form-1 .form-element .form-element-html textarea:focus,\n\t\t\t.formcraft-css .fc-form.fc-form-1 .form-element .form-element-html select:focus\n\t\t\t{\n\t\t\t\tborder-color: #ffffff;\n\t\t\t}\n\t\t\t.formcraft-css .fc-form.fc-form-1 .form-element .form-element-html .field-cover .is-read-only:focus {\n\t\t\t\tborder-color: #ccc;\n\t\t\t}\n\t\t\t.formcraft-css .fc-form.fc-form-1\t\t\t{\n\t\t\t\tfont-family: inherit;\n\t\t\t}\n\t\t\t@media (max-width : 480px) {\n\t\t\t\thtml .dedicated-page,\n\t\t\t\thtml .dedicated-page .formcraft-css .fc-pagination > div.active\n\t\t\t\t{\n\t\t\t\t\tbackground: none;\n\t\t\t\t}\n\t\t\t}\n\t\t<\/style>\n\t\t<div class=\"form-cover\">\n\t\t\t<form data-auto-scroll=\"\" data-no-message-redirect=\"\" data-thousand=\"\" data-decimal=\".\" data-delay=\"\" data-id=\"1\" class=\"fc-form fc-form-1 align- fc-temp-class save-form- dont-submit-hidden- icons-hide- disable-enter- label-floating field-border-visible frame-hidden remove-asterisk-true field-alignment-left options-fade\" style=\"width: 100%; color: #f7f6ee; font-size: 100%; background: none\" action=\"\">\n\t\t\t\t<!-- ngRepeat: page in Builder.FormElements track by $index --><div class=\"form-page form-page-0\" data-index=\"0\">\n\t\t\t\t\t\n\t\t\t\t\t<div class=\"form-page-content      ng-not-empty\">\n\t\t\t\t\t\t<div data-identifier=\"field1\" data-index=\"0\" style=\"width: 100%\" class=\"form-element form-element-field1 form-element-0 default-false form-element-type-oneLineText is-required-true odd -handle options-false\">\n\t\t\t\t\t\t\t<div class=\"form-element-html\"><div ><label class=\"oneLineText-cover field-cover\"><span class=\"sub-label-true\"><span class=\"main-label\"><span >N\u00e9v<\/span><\/span><span class=\"sub-label\"><span >your full name<\/span><\/span><\/span><div><span class=\"error\"><\/span><input type=\"text\" placeholder=\"\" make-read-only=\"false\" data-field-id=\"field1\" name=\"field1[]\" data-min-char=\"\" data-max-char=\"\" data-val-type=\"\" data-regexp=\"\" data-is-required=\"true\" data-allow-spaces=\"\" class=\"validation-lenient\" data-placement=\"right\" data-toggle=\"tooltip\" tooltip=\"\" data-trigger=\"focus\" data-html=\"true\" data-input-mask=\"\" data-mask-placeholder=\"\" data-original-title=\"\"><i class=\"formcraft-icon formcraft-icon-type-account_circle\">account_circle<\/i><\/div><\/label><\/div><\/div>\n\t\t\t\t\t\t\t\n\t\t\t\t\t\t<\/div><div data-identifier=\"field3\" data-index=\"1\" style=\"width: 100%\" class=\"even form-element form-element-field3 form-element-1 default-false form-element-type-email is-required-true -handle options-true\">\n\t\t\t\t\t\t\t<div class=\"form-element-html\"><div ><label class=\"email-cover field-cover\"><span class=\"sub-label-true\"><span class=\"main-label\"><span >E-mal c\u00edm<\/span><\/span><span class=\"sub-label\"><span >a valid email<\/span><\/span><\/span><div><span class=\"error\"><\/span><input placeholder=\"\" data-field-id=\"field3\" type=\"text\" data-val-type=\"email\" make-read-only=\"\" data-is-required=\"true\" name=\"field3\" class=\"validation-lenient\" data-placement=\"right\" data-toggle=\"tooltip\" tooltip=\"\" data-trigger=\"focus\" data-html=\"true\" data-original-title=\"\"><i class=\"formcraft-icon\">email<\/i><\/div><\/label><\/div><\/div>\n\t\t\t\t\t\t\t\n\t\t\t\t\t\t<\/div><div data-identifier=\"field4\" data-index=\"2\" style=\"width: 100%\" class=\"form-element form-element-field4 options-false form-element-2 default-false form-element-type-oneLineText is-required-true odd -handle\">\n\t\t\t\t\t\t\t<div class=\"form-element-html\"><div ><label class=\"oneLineText-cover field-cover\"><span class=\"sub-label-true\"><span class=\"main-label\"><span >Telefonsz\u00e1m<\/span><\/span><span class=\"sub-label\"><span >your full name<\/span><\/span><\/span><div><span class=\"error\"><\/span><input type=\"text\" placeholder=\"\" make-read-only=\"false\" data-field-id=\"field4\" name=\"field4[]\" data-min-char=\"\" data-max-char=\"\" data-val-type=\"\" data-regexp=\"\" data-is-required=\"true\" data-allow-spaces=\"\" class=\"validation-lenient\" data-placement=\"right\" data-toggle=\"tooltip\" tooltip=\"\" data-trigger=\"focus\" data-html=\"true\" data-input-mask=\"\" data-mask-placeholder=\"\" data-original-title=\"\"><i class=\"formcraft-icon formcraft-icon-type-local_phone\">local_phone<\/i><\/div><\/label><\/div><\/div>\n\t\t\t\t\t\t\t\n\t\t\t\t\t\t<\/div><div data-identifier=\"field5\" data-index=\"3\" style=\"width: 100%\" class=\"even form-element form-element-field5 options-false form-element-3 default-false form-element-type-textarea is-required-true -handle\">\n\t\t\t\t\t\t\t<div class=\"form-element-html\"><div ><label class=\"textarea-cover field-cover\"><span class=\"sub-label-true\"><span class=\"main-label\"><span >\u00dczenet<\/span><\/span><span class=\"sub-label\"><span >more details<\/span><\/span><\/span><div><span class=\"error\"><\/span><textarea data-field-id=\"field5\" placeholder=\"\" class=\"validation-lenient\" name=\"field5\" value=\"\" rows=\"5\" data-min-char=\"\" data-max-char=\"\" data-is-required=\"true\" data-placement=\"right\" data-toggle=\"tooltip\" tooltip=\"\" data-trigger=\"focus\" data-html=\"true\" data-original-title=\"\" style=\"min-height: 108.015625px\"><\/textarea><div class=\"count-\"><span class=\"current-count\">0<\/span> \/ <span class=\"max-count\"><\/span><\/div><\/div><\/label><\/div><\/div>\n\t\t\t\t\t\t\t\n\t\t\t\t\t\t<\/div><div data-identifier=\"field6\" data-index=\"4\" style=\"width: 100%\" class=\"form-element form-element-field6 options-false form-element-4 default-false form-element-type-submit is-required-false odd -handle\">\n\t\t\t\t\t\t\t<div class=\"form-element-html\"><div ><div class=\"align-center wide-true submit-cover field-cover\"><button type=\"submit\" class=\"button submit-button\"><span class=\"text\">\u00dczenet elk\u00fcld\u00e9se<\/span><span class=\"spin-cover\"><i style=\"color:\" class=\"loading-icon icon-cog animate-spin\"><\/i><\/span><\/button><\/div><div class=\"submit-response\"><\/div><label ><input type=\"text\" class=\"required_field\" name=\"website\" autocomplete=\"maple-syrup-pot\"><\/label><\/div><\/div>\n\t\t\t\t\t\t\t\n\t\t\t\t\t\t<\/div>\n\t\t\t\t\t<\/div>\n\t\t\t\t<\/div><!-- end ngRepeat: page in Builder.FormElements track by $index -->\n\t\t\t<input type=\"hidden\" name=\"trp-form-language\" value=\"hu\"\/><\/form>\n\t\t\t<div class=\"prev-next prev-next-1\" style=\"width: 100%; color: #f7f6ee; font-size: 100%; background: none\">\n\t\t\t\t<div>\n\t\t\t\t\t\n\t\t\t\t\t<span class=\"inactive page-prev\"><i class=\"formcraft-icon\">keyboard_arrow_left<\/i>Previous<\/span><\/div>\n\t\t\t\t<div>\n\t\t\t\t\t\n\t\t\t\t\t<span class=\"page-next\">Next<i class=\"formcraft-icon\">keyboard_arrow_right<\/i><\/span><\/div>\n\t\t\t<\/div>\n\t\t<\/div><a class=\"powered-by\" target=\"_blank\" href=\"http:\/\/formcraft-wp.com?source=pb\"\/>FormCraft - WordPress form builder<\/a><\/div>\n\t<div id=\"gap-190850202\" class=\"gap-element clearfix\" style=\"display:block; height:auto;\">\n\t\t\n<style>\n#gap-190850202 {\n  padding-top: 15px;\n}\n<\/style>\n\t<\/div>\n\t\n\n\t<div id=\"text-2685024085\" class=\"text\">\n\t\t\n\n<p><i class=\"fa-solid fa-circle-info\"><\/i> K\u00e9rlek vedd figyelembe, hogy a m\u00e9diumi leolvas\u00e1s \u00e9s a spiritu\u00e1lis tan\u00e1csad\u00e1s eset\u00e9ben legfeljebb 3 k\u00e9rd\u00e9s enged\u00e9lyezett. A k\u00e9rd\u00e9seidre vonatkoz\u00f3an jobb, ha konkr\u00e9t k\u00e9rd\u00e9seket teszel fel, mint azt hogyan alakul az \u00e9leted. Itt jelzem, hogy nem foglalkozom terhess\u00e9ggel kapcsolatos k\u00e9rd\u00e9sekkel vagy leolvas\u00e1sokkal.<\/p>\n\t\t\n<style>\n#text-2685024085 {\n  font-size: 0.9rem;\n  text-align: left;\n}\n<\/style>\n\t<\/div>\n\t\n\n\t\t<\/div>\n\t\t\t\t\n<style>\n#col-1082700862 > .col-inner {\n  padding: 20px 20px 20px 20px;\n}\n<\/style>\n\t<\/div>\n\n\t\n\n<\/div>\n\n\t\t<\/div>\n\n\t\t\n<style>\n#section_1457416307 {\n  padding-top: 90px;\n  padding-bottom: 90px;\n}\n<\/style>\n\t<\/section>","protected":false},"excerpt":{"rendered":"","protected":false},"author":1,"featured_media":0,"parent":0,"menu_order":0,"comment_status":"closed","ping_status":"closed","template":"page-blank.php","meta":{"footnotes":""},"class_list":["post-197","page","type-page","status-publish","hentry"],"yoast_head":"<!-- This site is optimized with the Yoast SEO plugin v27.6 - https:\/\/yoast.com\/product\/yoast-seo-wordpress\/ -->\n<title>House, space clearing and harmonization - jasminelightsouls<\/title>\n<meta name=\"robots\" content=\"index, follow, max-snippet:-1, max-image-preview:large, max-video-preview:-1\" \/>\n<link rel=\"canonical\" href=\"https:\/\/jasminelightsouls.com\/hu\/house-space-clearing-and-harmonization\/\" \/>\n<meta property=\"og:locale\" content=\"hu_HU\" \/>\n<meta property=\"og:type\" content=\"article\" \/>\n<meta property=\"og:title\" content=\"House, space clearing and harmonization - jasminelightsouls\" \/>\n<meta property=\"og:url\" content=\"https:\/\/jasminelightsouls.com\/hu\/house-space-clearing-and-harmonization\/\" \/>\n<meta property=\"og:site_name\" content=\"jasminelightsouls\" \/>\n<meta property=\"article:publisher\" content=\"https:\/\/www.facebook.com\/profile.php?id=100063702483795\" \/>\n<meta property=\"article:modified_time\" content=\"2025-06-05T11:33:03+00:00\" \/>\n<meta name=\"twitter:card\" content=\"summary_large_image\" \/>\n<meta name=\"twitter:label1\" content=\"Becs\u00fclt olvas\u00e1si id\u0151\" \/>\n\t<meta name=\"twitter:data1\" content=\"2 perc\" \/>\n<script type=\"application\/ld+json\" class=\"yoast-schema-graph\">{\"@context\":\"https:\\\/\\\/schema.org\",\"@graph\":[{\"@type\":\"WebPage\",\"@id\":\"https:\\\/\\\/jasminelightsouls.com\\\/house-space-clearing-and-harmonization\\\/\",\"url\":\"https:\\\/\\\/jasminelightsouls.com\\\/house-space-clearing-and-harmonization\\\/\",\"name\":\"House, space clearing and harmonization - jasminelightsouls\",\"isPartOf\":{\"@id\":\"https:\\\/\\\/jasminelightsouls.com\\\/#website\"},\"datePublished\":\"2025-05-16T16:16:39+00:00\",\"dateModified\":\"2025-06-05T11:33:03+00:00\",\"breadcrumb\":{\"@id\":\"https:\\\/\\\/jasminelightsouls.com\\\/house-space-clearing-and-harmonization\\\/#breadcrumb\"},\"inLanguage\":\"hu\",\"potentialAction\":[{\"@type\":\"ReadAction\",\"target\":[\"https:\\\/\\\/jasminelightsouls.com\\\/house-space-clearing-and-harmonization\\\/\"]}]},{\"@type\":\"BreadcrumbList\",\"@id\":\"https:\\\/\\\/jasminelightsouls.com\\\/house-space-clearing-and-harmonization\\\/#breadcrumb\",\"itemListElement\":[{\"@type\":\"ListItem\",\"position\":1,\"name\":\"Home\",\"item\":\"https:\\\/\\\/jasminelightsouls.com\\\/\"},{\"@type\":\"ListItem\",\"position\":2,\"name\":\"House, space clearing and harmonization\"}]},{\"@type\":\"WebSite\",\"@id\":\"https:\\\/\\\/jasminelightsouls.com\\\/#website\",\"url\":\"https:\\\/\\\/jasminelightsouls.com\\\/\",\"name\":\"Jasminelightsouls\",\"description\":\"\",\"publisher\":{\"@id\":\"https:\\\/\\\/jasminelightsouls.com\\\/#organization\"},\"potentialAction\":[{\"@type\":\"SearchAction\",\"target\":{\"@type\":\"EntryPoint\",\"urlTemplate\":\"https:\\\/\\\/jasminelightsouls.com\\\/?s={search_term_string}\"},\"query-input\":{\"@type\":\"PropertyValueSpecification\",\"valueRequired\":true,\"valueName\":\"search_term_string\"}}],\"inLanguage\":\"hu\"},{\"@type\":\"Organization\",\"@id\":\"https:\\\/\\\/jasminelightsouls.com\\\/#organization\",\"name\":\"Jasminelightsouls\",\"url\":\"https:\\\/\\\/jasminelightsouls.com\\\/\",\"logo\":{\"@type\":\"ImageObject\",\"inLanguage\":\"hu\",\"@id\":\"https:\\\/\\\/jasminelightsouls.com\\\/#\\\/schema\\\/logo\\\/image\\\/\",\"url\":\"https:\\\/\\\/jasminelightsouls.com\\\/wp-content\\\/uploads\\\/2025\\\/06\\\/jasminlogo-1.png\",\"contentUrl\":\"https:\\\/\\\/jasminelightsouls.com\\\/wp-content\\\/uploads\\\/2025\\\/06\\\/jasminlogo-1.png\",\"width\":1563,\"height\":405,\"caption\":\"Jasminelightsouls\"},\"image\":{\"@id\":\"https:\\\/\\\/jasminelightsouls.com\\\/#\\\/schema\\\/logo\\\/image\\\/\"},\"sameAs\":[\"https:\\\/\\\/www.facebook.com\\\/profile.php?id=100063702483795\"]}]}<\/script>\n<!-- \/ Yoast SEO plugin. -->","yoast_head_json":{"title":"House, space clearing and harmonization - jasminelightsouls","robots":{"index":"index","follow":"follow","max-snippet":"max-snippet:-1","max-image-preview":"max-image-preview:large","max-video-preview":"max-video-preview:-1"},"canonical":"https:\/\/jasminelightsouls.com\/hu\/house-space-clearing-and-harmonization\/","og_locale":"hu_HU","og_type":"article","og_title":"House, space clearing and harmonization - jasminelightsouls","og_url":"https:\/\/jasminelightsouls.com\/hu\/house-space-clearing-and-harmonization\/","og_site_name":"jasminelightsouls","article_publisher":"https:\/\/www.facebook.com\/profile.php?id=100063702483795","article_modified_time":"2025-06-05T11:33:03+00:00","twitter_card":"summary_large_image","twitter_misc":{"Becs\u00fclt olvas\u00e1si id\u0151":"2 perc"},"schema":{"@context":"https:\/\/schema.org","@graph":[{"@type":"WebPage","@id":"https:\/\/jasminelightsouls.com\/house-space-clearing-and-harmonization\/","url":"https:\/\/jasminelightsouls.com\/house-space-clearing-and-harmonization\/","name":"House, space clearing and harmonization - jasminelightsouls","isPartOf":{"@id":"https:\/\/jasminelightsouls.com\/#website"},"datePublished":"2025-05-16T16:16:39+00:00","dateModified":"2025-06-05T11:33:03+00:00","breadcrumb":{"@id":"https:\/\/jasminelightsouls.com\/house-space-clearing-and-harmonization\/#breadcrumb"},"inLanguage":"hu","potentialAction":[{"@type":"ReadAction","target":["https:\/\/jasminelightsouls.com\/house-space-clearing-and-harmonization\/"]}]},{"@type":"BreadcrumbList","@id":"https:\/\/jasminelightsouls.com\/house-space-clearing-and-harmonization\/#breadcrumb","itemListElement":[{"@type":"ListItem","position":1,"name":"Home","item":"https:\/\/jasminelightsouls.com\/"},{"@type":"ListItem","position":2,"name":"House, space clearing and harmonization"}]},{"@type":"WebSite","@id":"https:\/\/jasminelightsouls.com\/#website","url":"https:\/\/jasminelightsouls.com\/","name":"Jasminelightsouls","description":"","publisher":{"@id":"https:\/\/jasminelightsouls.com\/#organization"},"potentialAction":[{"@type":"SearchAction","target":{"@type":"EntryPoint","urlTemplate":"https:\/\/jasminelightsouls.com\/?s={search_term_string}"},"query-input":{"@type":"PropertyValueSpecification","valueRequired":true,"valueName":"search_term_string"}}],"inLanguage":"hu"},{"@type":"Organization","@id":"https:\/\/jasminelightsouls.com\/#organization","name":"Jasminelightsouls","url":"https:\/\/jasminelightsouls.com\/","logo":{"@type":"ImageObject","inLanguage":"hu","@id":"https:\/\/jasminelightsouls.com\/#\/schema\/logo\/image\/","url":"https:\/\/jasminelightsouls.com\/wp-content\/uploads\/2025\/06\/jasminlogo-1.png","contentUrl":"https:\/\/jasminelightsouls.com\/wp-content\/uploads\/2025\/06\/jasminlogo-1.png","width":1563,"height":405,"caption":"Jasminelightsouls"},"image":{"@id":"https:\/\/jasminelightsouls.com\/#\/schema\/logo\/image\/"},"sameAs":["https:\/\/www.facebook.com\/profile.php?id=100063702483795"]}]}},"_links":{"self":[{"href":"https:\/\/jasminelightsouls.com\/hu\/wp-json\/wp\/v2\/pages\/197","targetHints":{"allow":["GET"]}}],"collection":[{"href":"https:\/\/jasminelightsouls.com\/hu\/wp-json\/wp\/v2\/pages"}],"about":[{"href":"https:\/\/jasminelightsouls.com\/hu\/wp-json\/wp\/v2\/types\/page"}],"author":[{"embeddable":true,"href":"https:\/\/jasminelightsouls.com\/hu\/wp-json\/wp\/v2\/users\/1"}],"replies":[{"embeddable":true,"href":"https:\/\/jasminelightsouls.com\/hu\/wp-json\/wp\/v2\/comments?post=197"}],"version-history":[{"count":12,"href":"https:\/\/jasminelightsouls.com\/hu\/wp-json\/wp\/v2\/pages\/197\/revisions"}],"predecessor-version":[{"id":373,"href":"https:\/\/jasminelightsouls.com\/hu\/wp-json\/wp\/v2\/pages\/197\/revisions\/373"}],"wp:attachment":[{"href":"https:\/\/jasminelightsouls.com\/hu\/wp-json\/wp\/v2\/media?parent=197"}],"curies":[{"name":"wp","href":"https:\/\/api.w.org\/{rel}","templated":true}]}}