{"id":195,"date":"2025-05-16T18:16:30","date_gmt":"2025-05-16T16:16:30","guid":{"rendered":"https:\/\/jasminelightsouls.com\/?page_id=195"},"modified":"2025-06-05T13:32:45","modified_gmt":"2025-06-05T11:32:45","slug":"body-scanning-cleansing-and-protection","status":"publish","type":"page","link":"https:\/\/jasminelightsouls.com\/hu\/body-scanning-cleansing-and-protection\/","title":{"rendered":"Testszkennel\u00e9s, tiszt\u00edt\u00e1s \u00e9s v\u00e9delem"},"content":{"rendered":"<div class=\"banner has-hover has-parallax\" id=\"banner-1569329445\">\n          <div class=\"banner-inner fill\">\n        <div class=\"banner-bg fill\" data-parallax=\"-4\" data-parallax-container=\".banner\" data-parallax-background>\n            <img loading=\"lazy\" decoding=\"async\" width=\"2560\" height=\"750\" src=\"https:\/\/jasminelightsouls.com\/wp-content\/uploads\/2025\/05\/banner2-2-scaled.png\" class=\"bg attachment-original size-original\" alt=\"\" \/>                        <div class=\"overlay\"><\/div>            \n                    <\/div>\n\t\t\n        <div class=\"banner-layers container\">\n            <div class=\"fill banner-link\"><\/div>            \n\n   <div id=\"text-box-1900594729\" class=\"text-box banner-layer x50 md-x50 lg-x50 y50 md-y50 lg-y50 res-text\">\n                     <div data-animate=\"blurIn\">           <div class=\"text-box-content text\">\n              \n              <div class=\"text-inner text-center\">\n                  \n\n\t<div id=\"text-2243143217\" class=\"text\">\n\t\t\n\n<h3 class=\"uppercase\"><strong>Testszkennel\u00e9s, tiszt\u00edt\u00e1s \u00e9s v\u00e9delem<\/strong><\/h3>\n\t\t\n<style>\n#text-2243143217 {\n  color: rgb(241, 235, 216);\n}\n#text-2243143217 > * {\n  color: rgb(241, 235, 216);\n}\n<\/style>\n\t<\/div>\n\t\n\n              <\/div>\n           <\/div>\n       <\/div>                     \n<style>\n#text-box-1900594729 {\n  width: 69%;\n}\n#text-box-1900594729 .text-box-content {\n  font-size: 160%;\n}\n<\/style>\n    <\/div>\n \n\n        <\/div>\n      <\/div>\n\n            \n<style>\n#banner-1569329445 {\n  padding-top: 250px;\n}\n#banner-1569329445 .overlay {\n  background-color: rgba(175, 166, 136, 0.628);\n}\n<\/style>\n  <\/div>\n\n\n\n\t<section class=\"section\" id=\"section_1857827092\">\n\t\t<div class=\"section-bg fill\" >\n\t\t\t\t\t\t\t\t\t\n\t\t\t\n\n\t\t<\/div>\n\n\t\t\n\n\t\t<div class=\"section-content relative\">\n\t\t\t\n\n<div class=\"row row-large\"  id=\"row-1908475012\">\n\n\n\t<div id=\"col-184030151\" class=\"col medium-8 small-12 large-8\"  >\n\t\t\t\t<div class=\"col-inner\"  >\n\t\t\t\n\t\t\t\n\n<p>A beleegyez\u00e9s szerves r\u00e9sze ennek a fajta szellemi munk\u00e1nak! Soha nem v\u00e9gzek intuit\u00edv testszkennel\u00e9st senkin a tudta vagy beleegyez\u00e9se n\u00e9lk\u00fcl.<\/p>\n<p>A pszichikai testszkennel\u00e9s a test energiamez\u0151j\u00e9nek intuit\u00edv felt\u00e1r\u00e1s\u00e1t foglalja mag\u00e1ban, amely betekint\u00e9st ny\u00fajt a vizsg\u00e1lt szem\u00e9ly fizikai, \u00e9rzelmi \u00e9s spiritu\u00e1lis j\u00f3l\u00e9t\u00e9be. Ez a gyakorlat a tiszteletre \u00e9s a beleegyez\u00e9sre \u00e9p\u00fcl, \u00e9s a test finom energi\u00e1it a bizalom, a k\u00edv\u00e1ncsis\u00e1g \u00e9s a gy\u00f3gyul\u00e1s hely\u00e9r\u0151l, tudatoss\u00e1ggal \u00e9s c\u00e9ltudatoss\u00e1ggal navig\u00e1lja.<\/p>\n<p>Az \u00f6nfelfedez\u00e9s \u00e9s a holisztikus j\u00f3l\u00e9t fel\u00e9 vezet\u0151 \u00fatja az te r\u00e1d v\u00e1r\u00f3 metafizikai felismer\u00e9sekkel kezd\u0151dik.<\/p>\n<p>Sokszor megt\u00f6rt\u00e9nik vel\u00fcnk, hogy folyamatosan \u00fagy \u00e9rezz\u00fck, a vil\u00e1g \u00f6sszeesk\u00fcd\u00f6tt ellen\u00fcnk. Semmi sem siker\u00fcl, vagy ha m\u00e9gis, a v\u00e9geredm\u00e9nybe \u00f6r\u00f6m helyett \u00fcr\u00f6m vegy\u00fcl. B\u00e1rmibe is fogunk, mindig rossz v\u00e9ge van a dolognak. \u00c9s mivel egyre negat\u00edvabban l\u00e1tjuk a vil\u00e1got, vissza is hat r\u00e1nk mindez, \u00e9s b\u00e1rhogy \u00e1h\u00edtozunk egy kis der\u0171re vagy nevet\u00e9sre, az csak nem akar meg\u00e9rkezni az \u00e9let\u00fcnkbe. Az \u00e1lland\u00f3 f\u00e1radts\u00e1g\u00e9rzet, idegess\u00e9g vagy \u00e1lmatlans\u00e1g negat\u00edvan befoly\u00e1solja a teljes\u00edt\u0151 k\u00e9pess\u00e9get, munkav\u00e9gz\u00e9st, a hangulati v\u00e1ltoz\u00e1sok pedig a t\u00e1rsas kapcsolatokat is t\u00f6nkre tehetik.<\/p>\n<p>Egy dolog, ami nagyon fontos, \u00e9s ezt mindig elmondom az \u00fcgyfeleimnek, hogy akkor tudok seg\u00edteni, ha te is 100%-ban odahelyezed magad a saj\u00e1t \u00fcgyed mell\u00e9!<\/p>\n<p>Mindent j\u00f3ra ford\u00edthatunk, de alapk\u00f6vetelm\u00e9ny, hogy tartsuk magunkat m\u00e9lt\u00f3nak erre a j\u00f3ra!<\/p>\n<p>Ha valaki beles\u00fcpped az \u00f6nsajn\u00e1latba \u00e9s az \u00f6r\u00f6k\u00f6s panaszkod\u00e1sba, akkor nincs az a m\u00e1gus, aki seg\u00edteni tud az illet\u0151n. \u00c9n mozg\u00f3s\u00edtom a sz\u00e1modra az \u00e9gi seg\u00edts\u00e9get, de a sikerhez R\u00c1D is sz\u00fcks\u00e9g van!<\/p>\n<p><strong><i class=\"fa-solid fa-tags\"><\/i> Testszkennel\u00e9s, tiszt\u00edt\u00e1s \u00e9s v\u00e9delem  - 18000ft<\/strong><\/p>\n\n\n\t\t<\/div>\n\t\t\t\t\t<\/div>\n\n\t\n\n\t<div id=\"col-1036822878\" class=\"col medium-4 small-12 large-4\"  >\n\t\t\t\t<div class=\"col-inner text-center dark\" style=\"background-color:rgb(183, 152, 88);\" >\n\t\t\t\n\t\t\t\n\n<h2>Kapcsolat<\/h2>\n<p><i class=\"fa-solid fa-envelope\"><\/i> jasminelightsouls@gmail.com<\/p>\n<div data-uniq='69d77001c081e' class='uniq-69d77001c081e formcraft-css form-live align-center'><style type='text\/css' scoped='scoped'>.powered-by {\n  display: none !important;\n}<\/style><script> window.formcraftLogic = window.formcraftLogic || {}; window.formcraftLogic[1] = []; <\/script><div class=\"fc-pagination-cover fc-pagination-1\">\n\t\t\t\t<div class=\"fc-pagination width-100\">\n\t\t\t\t\t<!-- ngRepeat: page in Builder.FormElements track by $index --><div class=\"pagination-trigger\" data-index=\"0\">\n\t\t\t\t\t\t<span class=\"page-number\"><span >1<\/span><\/span>\n\t\t\t\t\t\t<span class=\"page-name\">Step 1<\/span>\n\t\t\t\t\t\t\n\t\t\t\t\t<\/div><!-- end ngRepeat: page in Builder.FormElements track by $index -->\n\t\t\t\t<\/div>\n\t\t\t<\/div>\n\t\t\t\n\t\t\t<style scoped=\"scoped\" >\n\t\t\t@media (max-width : 480px) {\n\t\t\t\t.fc_modal-dialog-1 .fc-pagination-cover .fc-pagination\n\t\t\t\t{\n\t\t\t\t\tbackground-color: none !important;\n\t\t\t\t}\n\t\t\t}\n\t\t\t\t\t\t.formcraft-css .fc-form.fc-form-1 .form-element .submit-cover .submit-button,\n\t\t\t.formcraft-css .fc-form.fc-form-1 .form-element .fileupload-cover .button-file,\n\t\t\t.formcraft-css .fc-form.fc-form-1 .form-element .field-cover .button,\n\t\t\t.formcraft-datepicker .ui-datepicker-header,\n\t\t\t.formcraft-datepicker .ui-datepicker-title\n\t\t\t{\n\t\t\t\tbackground: #ffffff;\n\t\t\t\tcolor: #afa688;\n\t\t\t}\n\t\t\t.formcraft-datepicker td .ui-state-active,\n\t\t\t.formcraft-datepicker td .ui-state-hover,\n\t\t\t.formcraft-css .fc-form.fc-form-1 .form-element .slider-cover .ui-slider-range\n\t\t\t{\n\t\t\t\tbackground: #ffffff;\n\t\t\t}\n\t\t\t#ui-datepicker-div.formcraft-datepicker .ui-datepicker-header,\n\t\t\t.formcraft-css .fc-form .field-cover>div.full hr\n\t\t\t{\n\t\t\t\tborder-color: #e0e0e0;\n\t\t\t}\n\t\t\t#ui-datepicker-div.formcraft-datepicker .ui-datepicker-prev:hover,\n\t\t\t#ui-datepicker-div.formcraft-datepicker .ui-datepicker-next:hover,\n\t\t\t#ui-datepicker-div.formcraft-datepicker select.ui-datepicker-month:hover,\n\t\t\t#ui-datepicker-div.formcraft-datepicker select.ui-datepicker-year:hover\n\t\t\t{\n\t\t\t\tbackground-color: #e0e0e0;\n\t\t\t}\n\t\t\t.formcraft-css .fc-pagination>div.active .page-number,\n\t\t\t.formcraft-css .form-cover-builder .fc-pagination>div:first-child .page-number\n\t\t\t{\n\t\t\t\tbackground-color: #afa688;\n\t\t\t\tcolor: #afa688;\n\t\t\t}\n\t\t\t#ui-datepicker-div.formcraft-datepicker table.ui-datepicker-calendar th,\n\t\t\t#ui-datepicker-div.formcraft-datepicker table.ui-datepicker-calendar td.ui-datepicker-today a,\n\t\t\t.formcraft-css .fc-form.fc-form-1 .form-element .star-cover label,\n\t\t\thtml .formcraft-css .fc-form.label-floating .form-element .field-cover.has-focus>span,\n\t\t\t.formcraft-css .fc-form.fc-form-1 .form-element .customText-cover a,\n\t\t\t.formcraft-css .prev-next>div span:hover\n\t\t\t{\n\t\t\t\tcolor: #ffffff;\n\t\t\t}\n\t\t\t.formcraft-css .fc-form.fc-form-1 .form-element .customText-cover a:hover\n\t\t\t{\n\t\t\t\tcolor: #e0e0e0;\n\t\t\t}\n\t\t\thtml .formcraft-css .fc-form.fc-form-1.label-floating .form-element .field-cover > span\n\t\t\t{\n\t\t\t\tcolor: #f7f6ee;\n\t\t\t}\n\t\t\thtml .formcraft-css .fc-form .final-success .final-success-check {\n\t\t\t\tborder: 2px solid #f7f6ee;\n\t\t\t}\n\t\t\t.formcraft-css .fc-form.fc-form-1 .form-element .field-cover input[type=\"text\"],\n\t\t\t.formcraft-css .fc-form.fc-form-1 .form-element .field-cover input[type=\"email\"],\n\t\t\t.formcraft-css .fc-form.fc-form-1 .form-element .field-cover input[type=\"password\"],\n\t\t\t.formcraft-css .fc-form.fc-form-1 .form-element .field-cover input[type=\"tel\"],\n\t\t\t.formcraft-css .fc-form.fc-form-1 .form-element .field-cover textarea,\n\t\t\t.formcraft-css .fc-form.fc-form-1 .form-element .field-cover select,\n\t\t\t.formcraft-css .fc-form.fc-form-1 .form-element .field-cover .time-fields-cover,\n\t\t\t.formcraft-css .fc-form.fc-form-1 .form-element .field-cover .awesomplete ul\n\t\t\t{\n\t\t\t\tcolor: #f1ebd8;\n\t\t\t}\n\t\t\t.formcraft-css .fc-form.fc-form-1 .form-element .field-cover input[type=\"text\"],\n\t\t\t.formcraft-css .fc-form.fc-form-1 .form-element .field-cover input[type=\"password\"],\n\t\t\t.formcraft-css .fc-form.fc-form-1 .form-element .field-cover input[type=\"email\"],\n\t\t\t.formcraft-css .fc-form.fc-form-1 .form-element .field-cover input[type=\"radio\"],\n\t\t\t.formcraft-css .fc-form.fc-form-1 .form-element .field-cover input[type=\"checkbox\"],\n\t\t\t.formcraft-css .fc-form.fc-form-1 .form-element .field-cover input[type=\"tel\"],\n\t\t\t.formcraft-css .fc-form.fc-form-1 .form-element .field-cover select,\n\t\t\t.formcraft-css .fc-form.fc-form-1 .form-element .field-cover textarea\n\t\t\t{\n\t\t\t\tbackground-color: #fafafa;\n\t\t\t}\n\t\t\t.formcraft-css .fc-form.fc-form-1 .form-element .field-cover input[type=\"radio\"]:checked,\n\t\t\t.formcraft-css .fc-form.fc-form-1 .form-element .field-cover input[type=\"checkbox\"]:checked {\n\t\t\t\tborder-color: #e0e0e0;\n\t\t\t\tbackground: #ffffff;\t\t\t\t\n\t\t\t}\n\t\t\t.formcraft-css .fc-form.fc-form-1 .form-element .star-cover label .star\n\t\t\t{\n\t\t\t\ttext-shadow: 0px 1px 0px #e0e0e0;\n\t\t\t}\n\t\t\t.formcraft-css .fc-form.fc-form-1 .form-element .slider-cover .ui-slider-range\n\t\t\t{\n\t\t\t\tbox-shadow: 0px 1px 1px #e0e0e0 inset;\n\t\t\t}\n\t\t\t.formcraft-css .fc-form.fc-form-1 .form-element .fileupload-cover .button-file\n\t\t\t{\n\t\t\t\tborder-color: #e0e0e0;\n\t\t\t}\n\t\t\t.formcraft-css .fc-form.fc-form-1 .form-element .form-element-html input[type=\"password\"]:focus,\n\t\t\t.formcraft-css .fc-form.fc-form-1 .form-element .form-element-html input[type=\"email\"]:focus,\n\t\t\t.formcraft-css .fc-form.fc-form-1 .form-element .form-element-html input[type=\"tel\"]:focus,\n\t\t\t.formcraft-css .fc-form.fc-form-1 .form-element .form-element-html input[type=\"text\"]:focus,\n\t\t\t.formcraft-css .fc-form.fc-form-1 .form-element .form-element-html textarea:focus,\n\t\t\t.formcraft-css .fc-form.fc-form-1 .form-element .form-element-html select:focus\n\t\t\t{\n\t\t\t\tborder-color: #ffffff;\n\t\t\t}\n\t\t\t.formcraft-css .fc-form.fc-form-1 .form-element .form-element-html .field-cover .is-read-only:focus {\n\t\t\t\tborder-color: #ccc;\n\t\t\t}\n\t\t\t.formcraft-css .fc-form.fc-form-1\t\t\t{\n\t\t\t\tfont-family: inherit;\n\t\t\t}\n\t\t\t@media (max-width : 480px) {\n\t\t\t\thtml .dedicated-page,\n\t\t\t\thtml .dedicated-page .formcraft-css .fc-pagination > div.active\n\t\t\t\t{\n\t\t\t\t\tbackground: none;\n\t\t\t\t}\n\t\t\t}\n\t\t<\/style>\n\t\t<div class=\"form-cover\">\n\t\t\t<form data-auto-scroll=\"\" data-no-message-redirect=\"\" data-thousand=\"\" data-decimal=\".\" data-delay=\"\" data-id=\"1\" class=\"fc-form fc-form-1 align- fc-temp-class save-form- dont-submit-hidden- icons-hide- disable-enter- label-floating field-border-visible frame-hidden remove-asterisk-true field-alignment-left options-fade\" style=\"width: 100%; color: #f7f6ee; font-size: 100%; background: none\" action=\"\">\n\t\t\t\t<!-- ngRepeat: page in Builder.FormElements track by $index --><div class=\"form-page form-page-0\" data-index=\"0\">\n\t\t\t\t\t\n\t\t\t\t\t<div class=\"form-page-content      ng-not-empty\">\n\t\t\t\t\t\t<div data-identifier=\"field1\" data-index=\"0\" style=\"width: 100%\" class=\"form-element form-element-field1 form-element-0 default-false form-element-type-oneLineText is-required-true odd -handle options-false\">\n\t\t\t\t\t\t\t<div class=\"form-element-html\"><div ><label class=\"oneLineText-cover field-cover\"><span class=\"sub-label-true\"><span class=\"main-label\"><span >N\u00e9v<\/span><\/span><span class=\"sub-label\"><span >your full name<\/span><\/span><\/span><div><span class=\"error\"><\/span><input type=\"text\" placeholder=\"\" make-read-only=\"false\" data-field-id=\"field1\" name=\"field1[]\" data-min-char=\"\" data-max-char=\"\" data-val-type=\"\" data-regexp=\"\" data-is-required=\"true\" data-allow-spaces=\"\" class=\"validation-lenient\" data-placement=\"right\" data-toggle=\"tooltip\" tooltip=\"\" data-trigger=\"focus\" data-html=\"true\" data-input-mask=\"\" data-mask-placeholder=\"\" data-original-title=\"\"><i class=\"formcraft-icon formcraft-icon-type-account_circle\">account_circle<\/i><\/div><\/label><\/div><\/div>\n\t\t\t\t\t\t\t\n\t\t\t\t\t\t<\/div><div data-identifier=\"field3\" data-index=\"1\" style=\"width: 100%\" class=\"even form-element form-element-field3 form-element-1 default-false form-element-type-email is-required-true -handle options-true\">\n\t\t\t\t\t\t\t<div class=\"form-element-html\"><div ><label class=\"email-cover field-cover\"><span class=\"sub-label-true\"><span class=\"main-label\"><span >E-mal c\u00edm<\/span><\/span><span class=\"sub-label\"><span >a valid email<\/span><\/span><\/span><div><span class=\"error\"><\/span><input placeholder=\"\" data-field-id=\"field3\" type=\"text\" data-val-type=\"email\" make-read-only=\"\" data-is-required=\"true\" name=\"field3\" class=\"validation-lenient\" data-placement=\"right\" data-toggle=\"tooltip\" tooltip=\"\" data-trigger=\"focus\" data-html=\"true\" data-original-title=\"\"><i class=\"formcraft-icon\">email<\/i><\/div><\/label><\/div><\/div>\n\t\t\t\t\t\t\t\n\t\t\t\t\t\t<\/div><div data-identifier=\"field4\" data-index=\"2\" style=\"width: 100%\" class=\"form-element form-element-field4 options-false form-element-2 default-false form-element-type-oneLineText is-required-true odd -handle\">\n\t\t\t\t\t\t\t<div class=\"form-element-html\"><div ><label class=\"oneLineText-cover field-cover\"><span class=\"sub-label-true\"><span class=\"main-label\"><span >Telefonsz\u00e1m<\/span><\/span><span class=\"sub-label\"><span >your full name<\/span><\/span><\/span><div><span class=\"error\"><\/span><input type=\"text\" placeholder=\"\" make-read-only=\"false\" data-field-id=\"field4\" name=\"field4[]\" data-min-char=\"\" data-max-char=\"\" data-val-type=\"\" data-regexp=\"\" data-is-required=\"true\" data-allow-spaces=\"\" class=\"validation-lenient\" data-placement=\"right\" data-toggle=\"tooltip\" tooltip=\"\" data-trigger=\"focus\" data-html=\"true\" data-input-mask=\"\" data-mask-placeholder=\"\" data-original-title=\"\"><i class=\"formcraft-icon formcraft-icon-type-local_phone\">local_phone<\/i><\/div><\/label><\/div><\/div>\n\t\t\t\t\t\t\t\n\t\t\t\t\t\t<\/div><div data-identifier=\"field5\" data-index=\"3\" style=\"width: 100%\" class=\"even form-element form-element-field5 options-false form-element-3 default-false form-element-type-textarea is-required-true -handle\">\n\t\t\t\t\t\t\t<div class=\"form-element-html\"><div ><label class=\"textarea-cover field-cover\"><span class=\"sub-label-true\"><span class=\"main-label\"><span >\u00dczenet<\/span><\/span><span class=\"sub-label\"><span >more details<\/span><\/span><\/span><div><span class=\"error\"><\/span><textarea data-field-id=\"field5\" placeholder=\"\" class=\"validation-lenient\" name=\"field5\" value=\"\" rows=\"5\" data-min-char=\"\" data-max-char=\"\" data-is-required=\"true\" data-placement=\"right\" data-toggle=\"tooltip\" tooltip=\"\" data-trigger=\"focus\" data-html=\"true\" data-original-title=\"\" style=\"min-height: 108.015625px\"><\/textarea><div class=\"count-\"><span class=\"current-count\">0<\/span> \/ <span class=\"max-count\"><\/span><\/div><\/div><\/label><\/div><\/div>\n\t\t\t\t\t\t\t\n\t\t\t\t\t\t<\/div><div data-identifier=\"field6\" data-index=\"4\" style=\"width: 100%\" class=\"form-element form-element-field6 options-false form-element-4 default-false form-element-type-submit is-required-false odd -handle\">\n\t\t\t\t\t\t\t<div class=\"form-element-html\"><div ><div class=\"align-center wide-true submit-cover field-cover\"><button type=\"submit\" class=\"button submit-button\"><span class=\"text\">\u00dczenet elk\u00fcld\u00e9se<\/span><span class=\"spin-cover\"><i style=\"color:\" class=\"loading-icon icon-cog animate-spin\"><\/i><\/span><\/button><\/div><div class=\"submit-response\"><\/div><label ><input type=\"text\" class=\"required_field\" name=\"website\" autocomplete=\"maple-syrup-pot\"><\/label><\/div><\/div>\n\t\t\t\t\t\t\t\n\t\t\t\t\t\t<\/div>\n\t\t\t\t\t<\/div>\n\t\t\t\t<\/div><!-- end ngRepeat: page in Builder.FormElements track by $index -->\n\t\t\t<input type=\"hidden\" name=\"trp-form-language\" value=\"hu\"\/><\/form>\n\t\t\t<div class=\"prev-next prev-next-1\" style=\"width: 100%; color: #f7f6ee; font-size: 100%; background: none\">\n\t\t\t\t<div>\n\t\t\t\t\t\n\t\t\t\t\t<span class=\"inactive page-prev\"><i class=\"formcraft-icon\">keyboard_arrow_left<\/i>Previous<\/span><\/div>\n\t\t\t\t<div>\n\t\t\t\t\t\n\t\t\t\t\t<span class=\"page-next\">Next<i class=\"formcraft-icon\">keyboard_arrow_right<\/i><\/span><\/div>\n\t\t\t<\/div>\n\t\t<\/div><a class=\"powered-by\" target=\"_blank\" href=\"http:\/\/formcraft-wp.com?source=pb\"\/>FormCraft - WordPress form builder<\/a><\/div>\n\t<div id=\"gap-2119108598\" class=\"gap-element clearfix\" style=\"display:block; height:auto;\">\n\t\t\n<style>\n#gap-2119108598 {\n  padding-top: 15px;\n}\n<\/style>\n\t<\/div>\n\t\n\n\t<div id=\"text-844582208\" class=\"text\">\n\t\t\n\n<p><i class=\"fa-solid fa-circle-info\"><\/i> K\u00e9rlek vedd figyelembe, hogy a m\u00e9diumi leolvas\u00e1s \u00e9s a spiritu\u00e1lis tan\u00e1csad\u00e1s eset\u00e9ben legfeljebb 3 k\u00e9rd\u00e9s enged\u00e9lyezett. A k\u00e9rd\u00e9seidre vonatkoz\u00f3an jobb, ha konkr\u00e9t k\u00e9rd\u00e9seket teszel fel, mint azt hogyan alakul az \u00e9leted. Itt jelzem, hogy nem foglalkozom terhess\u00e9ggel kapcsolatos k\u00e9rd\u00e9sekkel vagy leolvas\u00e1sokkal.<\/p>\n\t\t\n<style>\n#text-844582208 {\n  font-size: 0.9rem;\n  text-align: left;\n}\n<\/style>\n\t<\/div>\n\t\n\n\t\t<\/div>\n\t\t\t\t\n<style>\n#col-1036822878 > .col-inner {\n  padding: 20px 20px 20px 20px;\n}\n<\/style>\n\t<\/div>\n\n\t\n\n<\/div>\n\n\t\t<\/div>\n\n\t\t\n<style>\n#section_1857827092 {\n  padding-top: 90px;\n  padding-bottom: 90px;\n}\n<\/style>\n\t<\/section>","protected":false},"excerpt":{"rendered":"","protected":false},"author":1,"featured_media":0,"parent":0,"menu_order":0,"comment_status":"closed","ping_status":"closed","template":"page-blank.php","meta":{"footnotes":""},"class_list":["post-195","page","type-page","status-publish","hentry"],"yoast_head":"<!-- This site is optimized with the Yoast SEO plugin v27.3 - https:\/\/yoast.com\/product\/yoast-seo-wordpress\/ -->\n<title>Body scanning, cleansing and protection - jasminelightsouls<\/title>\n<meta name=\"robots\" content=\"index, follow, max-snippet:-1, max-image-preview:large, max-video-preview:-1\" \/>\n<link rel=\"canonical\" href=\"https:\/\/jasminelightsouls.com\/hu\/body-scanning-cleansing-and-protection\/\" \/>\n<meta property=\"og:locale\" content=\"hu_HU\" \/>\n<meta property=\"og:type\" content=\"article\" \/>\n<meta property=\"og:title\" content=\"Body scanning, cleansing and protection - jasminelightsouls\" \/>\n<meta property=\"og:url\" content=\"https:\/\/jasminelightsouls.com\/hu\/body-scanning-cleansing-and-protection\/\" \/>\n<meta property=\"og:site_name\" content=\"jasminelightsouls\" \/>\n<meta property=\"article:publisher\" content=\"https:\/\/www.facebook.com\/profile.php?id=100063702483795\" \/>\n<meta property=\"article:modified_time\" content=\"2025-06-05T11:32:45+00:00\" \/>\n<meta name=\"twitter:card\" content=\"summary_large_image\" \/>\n<meta name=\"twitter:label1\" content=\"Becs\u00fclt olvas\u00e1si id\u0151\" \/>\n\t<meta name=\"twitter:data1\" content=\"2 perc\" \/>\n<script type=\"application\/ld+json\" class=\"yoast-schema-graph\">{\"@context\":\"https:\\\/\\\/schema.org\",\"@graph\":[{\"@type\":\"WebPage\",\"@id\":\"https:\\\/\\\/jasminelightsouls.com\\\/body-scanning-cleansing-and-protection\\\/\",\"url\":\"https:\\\/\\\/jasminelightsouls.com\\\/body-scanning-cleansing-and-protection\\\/\",\"name\":\"Body scanning, cleansing and protection - jasminelightsouls\",\"isPartOf\":{\"@id\":\"https:\\\/\\\/jasminelightsouls.com\\\/#website\"},\"datePublished\":\"2025-05-16T16:16:30+00:00\",\"dateModified\":\"2025-06-05T11:32:45+00:00\",\"breadcrumb\":{\"@id\":\"https:\\\/\\\/jasminelightsouls.com\\\/body-scanning-cleansing-and-protection\\\/#breadcrumb\"},\"inLanguage\":\"hu\",\"potentialAction\":[{\"@type\":\"ReadAction\",\"target\":[\"https:\\\/\\\/jasminelightsouls.com\\\/body-scanning-cleansing-and-protection\\\/\"]}]},{\"@type\":\"BreadcrumbList\",\"@id\":\"https:\\\/\\\/jasminelightsouls.com\\\/body-scanning-cleansing-and-protection\\\/#breadcrumb\",\"itemListElement\":[{\"@type\":\"ListItem\",\"position\":1,\"name\":\"Home\",\"item\":\"https:\\\/\\\/jasminelightsouls.com\\\/\"},{\"@type\":\"ListItem\",\"position\":2,\"name\":\"Body scanning, cleansing and protection\"}]},{\"@type\":\"WebSite\",\"@id\":\"https:\\\/\\\/jasminelightsouls.com\\\/#website\",\"url\":\"https:\\\/\\\/jasminelightsouls.com\\\/\",\"name\":\"Jasminelightsouls\",\"description\":\"\",\"publisher\":{\"@id\":\"https:\\\/\\\/jasminelightsouls.com\\\/#organization\"},\"potentialAction\":[{\"@type\":\"SearchAction\",\"target\":{\"@type\":\"EntryPoint\",\"urlTemplate\":\"https:\\\/\\\/jasminelightsouls.com\\\/?s={search_term_string}\"},\"query-input\":{\"@type\":\"PropertyValueSpecification\",\"valueRequired\":true,\"valueName\":\"search_term_string\"}}],\"inLanguage\":\"hu\"},{\"@type\":\"Organization\",\"@id\":\"https:\\\/\\\/jasminelightsouls.com\\\/#organization\",\"name\":\"Jasminelightsouls\",\"url\":\"https:\\\/\\\/jasminelightsouls.com\\\/\",\"logo\":{\"@type\":\"ImageObject\",\"inLanguage\":\"hu\",\"@id\":\"https:\\\/\\\/jasminelightsouls.com\\\/#\\\/schema\\\/logo\\\/image\\\/\",\"url\":\"https:\\\/\\\/jasminelightsouls.com\\\/wp-content\\\/uploads\\\/2025\\\/06\\\/jasminlogo-1.png\",\"contentUrl\":\"https:\\\/\\\/jasminelightsouls.com\\\/wp-content\\\/uploads\\\/2025\\\/06\\\/jasminlogo-1.png\",\"width\":1563,\"height\":405,\"caption\":\"Jasminelightsouls\"},\"image\":{\"@id\":\"https:\\\/\\\/jasminelightsouls.com\\\/#\\\/schema\\\/logo\\\/image\\\/\"},\"sameAs\":[\"https:\\\/\\\/www.facebook.com\\\/profile.php?id=100063702483795\"]}]}<\/script>\n<!-- \/ Yoast SEO plugin. -->","yoast_head_json":{"title":"Body scanning, cleansing and protection - jasminelightsouls","robots":{"index":"index","follow":"follow","max-snippet":"max-snippet:-1","max-image-preview":"max-image-preview:large","max-video-preview":"max-video-preview:-1"},"canonical":"https:\/\/jasminelightsouls.com\/hu\/body-scanning-cleansing-and-protection\/","og_locale":"hu_HU","og_type":"article","og_title":"Body scanning, cleansing and protection - jasminelightsouls","og_url":"https:\/\/jasminelightsouls.com\/hu\/body-scanning-cleansing-and-protection\/","og_site_name":"jasminelightsouls","article_publisher":"https:\/\/www.facebook.com\/profile.php?id=100063702483795","article_modified_time":"2025-06-05T11:32:45+00:00","twitter_card":"summary_large_image","twitter_misc":{"Becs\u00fclt olvas\u00e1si id\u0151":"2 perc"},"schema":{"@context":"https:\/\/schema.org","@graph":[{"@type":"WebPage","@id":"https:\/\/jasminelightsouls.com\/body-scanning-cleansing-and-protection\/","url":"https:\/\/jasminelightsouls.com\/body-scanning-cleansing-and-protection\/","name":"Body scanning, cleansing and protection - jasminelightsouls","isPartOf":{"@id":"https:\/\/jasminelightsouls.com\/#website"},"datePublished":"2025-05-16T16:16:30+00:00","dateModified":"2025-06-05T11:32:45+00:00","breadcrumb":{"@id":"https:\/\/jasminelightsouls.com\/body-scanning-cleansing-and-protection\/#breadcrumb"},"inLanguage":"hu","potentialAction":[{"@type":"ReadAction","target":["https:\/\/jasminelightsouls.com\/body-scanning-cleansing-and-protection\/"]}]},{"@type":"BreadcrumbList","@id":"https:\/\/jasminelightsouls.com\/body-scanning-cleansing-and-protection\/#breadcrumb","itemListElement":[{"@type":"ListItem","position":1,"name":"Home","item":"https:\/\/jasminelightsouls.com\/"},{"@type":"ListItem","position":2,"name":"Body scanning, cleansing and protection"}]},{"@type":"WebSite","@id":"https:\/\/jasminelightsouls.com\/#website","url":"https:\/\/jasminelightsouls.com\/","name":"Jasminelightsouls","description":"","publisher":{"@id":"https:\/\/jasminelightsouls.com\/#organization"},"potentialAction":[{"@type":"SearchAction","target":{"@type":"EntryPoint","urlTemplate":"https:\/\/jasminelightsouls.com\/?s={search_term_string}"},"query-input":{"@type":"PropertyValueSpecification","valueRequired":true,"valueName":"search_term_string"}}],"inLanguage":"hu"},{"@type":"Organization","@id":"https:\/\/jasminelightsouls.com\/#organization","name":"Jasminelightsouls","url":"https:\/\/jasminelightsouls.com\/","logo":{"@type":"ImageObject","inLanguage":"hu","@id":"https:\/\/jasminelightsouls.com\/#\/schema\/logo\/image\/","url":"https:\/\/jasminelightsouls.com\/wp-content\/uploads\/2025\/06\/jasminlogo-1.png","contentUrl":"https:\/\/jasminelightsouls.com\/wp-content\/uploads\/2025\/06\/jasminlogo-1.png","width":1563,"height":405,"caption":"Jasminelightsouls"},"image":{"@id":"https:\/\/jasminelightsouls.com\/#\/schema\/logo\/image\/"},"sameAs":["https:\/\/www.facebook.com\/profile.php?id=100063702483795"]}]}},"_links":{"self":[{"href":"https:\/\/jasminelightsouls.com\/hu\/wp-json\/wp\/v2\/pages\/195","targetHints":{"allow":["GET"]}}],"collection":[{"href":"https:\/\/jasminelightsouls.com\/hu\/wp-json\/wp\/v2\/pages"}],"about":[{"href":"https:\/\/jasminelightsouls.com\/hu\/wp-json\/wp\/v2\/types\/page"}],"author":[{"embeddable":true,"href":"https:\/\/jasminelightsouls.com\/hu\/wp-json\/wp\/v2\/users\/1"}],"replies":[{"embeddable":true,"href":"https:\/\/jasminelightsouls.com\/hu\/wp-json\/wp\/v2\/comments?post=195"}],"version-history":[{"count":11,"href":"https:\/\/jasminelightsouls.com\/hu\/wp-json\/wp\/v2\/pages\/195\/revisions"}],"predecessor-version":[{"id":372,"href":"https:\/\/jasminelightsouls.com\/hu\/wp-json\/wp\/v2\/pages\/195\/revisions\/372"}],"wp:attachment":[{"href":"https:\/\/jasminelightsouls.com\/hu\/wp-json\/wp\/v2\/media?parent=195"}],"curies":[{"name":"wp","href":"https:\/\/api.w.org\/{rel}","templated":true}]}}