{"id":13,"date":"2025-05-13T11:08:29","date_gmt":"2025-05-13T09:08:29","guid":{"rendered":"https:\/\/jasminelightsouls.com\/?page_id=13"},"modified":"2025-06-10T20:47:41","modified_gmt":"2025-06-10T18:47:41","slug":"contact","status":"publish","type":"page","link":"https:\/\/jasminelightsouls.com\/hu\/contact\/","title":{"rendered":"Kapcsolat"},"content":{"rendered":"<div class=\"banner has-hover has-parallax\" id=\"banner-1017500261\">\n          <div class=\"banner-inner fill\">\n        <div class=\"banner-bg fill\" data-parallax=\"-4\" data-parallax-container=\".banner\" data-parallax-background>\n            <img loading=\"lazy\" decoding=\"async\" width=\"1900\" height=\"1200\" src=\"https:\/\/jasminelightsouls.com\/wp-content\/uploads\/2025\/05\/bg.png\" class=\"bg attachment-original size-original\" alt=\"\" \/>                        <div class=\"overlay\"><\/div>            \n                    <\/div>\n\t\t\n        <div class=\"banner-layers container\">\n            <div class=\"fill banner-link\"><\/div>            \n\n   <div id=\"text-box-633520978\" class=\"text-box banner-layer x50 md-x50 lg-x50 y50 md-y50 lg-y50 res-text\">\n                     <div data-animate=\"blurIn\">           <div class=\"text-box-content text\">\n              \n              <div class=\"text-inner text-center\">\n                  \n\n\t<div id=\"text-2379357690\" class=\"text\">\n\t\t\n\n<h3 class=\"uppercase\"><strong>Kapcsolat<\/strong><\/h3>\n\t\t\n<style>\n#text-2379357690 {\n  color: rgb(241, 235, 216);\n}\n#text-2379357690 > * {\n  color: rgb(241, 235, 216);\n}\n<\/style>\n\t<\/div>\n\t\n\n              <\/div>\n           <\/div>\n       <\/div>                     \n<style>\n#text-box-633520978 {\n  width: 60%;\n}\n#text-box-633520978 .text-box-content {\n  font-size: 160%;\n}\n<\/style>\n    <\/div>\n \n\n        <\/div>\n      <\/div>\n\n            \n<style>\n#banner-1017500261 {\n  padding-top: 250px;\n}\n#banner-1017500261 .overlay {\n  background-color: rgba(175, 166, 136, 0.773);\n}\n<\/style>\n  <\/div>\n\n\n\n\t<section class=\"section\" id=\"section_346323126\">\n\t\t<div class=\"section-bg fill\" >\n\t\t\t\t\t\t\t\t\t\n\t\t\t\n\n\t\t<\/div>\n\n\t\t\n\n\t\t<div class=\"section-content relative\">\n\t\t\t\n\n<div class=\"row\"  id=\"row-956849569\">\n\n\n\t<div id=\"col-307158951\" class=\"col small-12 large-12\"  >\n\t\t\t\t<div class=\"col-inner\"  >\n\t\t\t\n\t\t\t\n\n<p>Ha \u00fagy \u00e9rzed, hogy \u00fczenetem megsz\u00f3l\u00edtott, k\u00e9rd\u00e9sed van, vagy k\u00e9szen \u00e1llsz arra, hogy seg\u00edts\u00e9get k\u00e9rj - vedd fel velem a kapcsolatot.<br \/>\nHa b\u00e1rmilyen k\u00e9rd\u00e9sed van a szolg\u00e1ltat\u00e1saimmal kapcsolatban, vagy csak szeretn\u00e9d tudni, hogyan tudn\u00e1nk egy\u00fctt dolgozni, k\u00e9rlek, fordulj hozz\u00e1m bizalommal.<\/p>\n\n\t\t<\/div>\n\t\t\t\t\t<\/div>\n\n\t\n\n<\/div>\n<div class=\"row\"  id=\"row-946861779\">\n\n\n\t<div id=\"col-921936198\" class=\"col medium-4 small-12 large-4\"  >\n\t\t\t\t<div class=\"col-inner text-center\" style=\"background-color:rgb(255, 255, 255);\" >\n\t\t\t\n\t\t\t\n\n\t<div class=\"img has-hover x md-x lg-x y md-y lg-y\" id=\"image_526067009\">\n\t\t\t\t\t\t\t\t<div class=\"img-inner dark\" >\n\t\t\t<img loading=\"lazy\" decoding=\"async\" width=\"500\" height=\"500\" src=\"https:\/\/jasminelightsouls.com\/wp-content\/uploads\/2025\/05\/kapcsolat-ikon.png\" class=\"attachment-original size-original\" alt=\"\" srcset=\"https:\/\/jasminelightsouls.com\/wp-content\/uploads\/2025\/05\/kapcsolat-ikon.png 500w, https:\/\/jasminelightsouls.com\/wp-content\/uploads\/2025\/05\/kapcsolat-ikon-300x300.png 300w, https:\/\/jasminelightsouls.com\/wp-content\/uploads\/2025\/05\/kapcsolat-ikon-150x150.png 150w\" sizes=\"auto, (max-width: 500px) 100vw, 500px\" \/>\t\t\t\t\t\t\n\t\t\t\t\t<\/div>\n\t\t\t\t\t\t\t\t\n<style>\n#image_526067009 {\n  width: 41%;\n}\n<\/style>\n\t<\/div>\n\t\n\n<h2>E-mal c\u00edm<\/h2>\n\t<div id=\"text-2527306132\" class=\"text\">\n\t\t\n\n<p>jasminelightsouls@gmail.com<\/p>\n\t\t\n<style>\n#text-2527306132 {\n  font-size: 1.25rem;\n}\n<\/style>\n\t<\/div>\n\t\n\n\t\t<\/div>\n\t\t\t\t\n<style>\n#col-921936198 > .col-inner {\n  padding: 20px 20px 20px 20px;\n}\n<\/style>\n\t<\/div>\n\n\t\n\n\t<div id=\"col-1706796647\" class=\"col medium-4 small-12 large-4\"  >\n\t\t\t\t<div class=\"col-inner text-center\" style=\"background-color:rgb(255, 255, 255);\" >\n\t\t\t\n\t\t\t\n\n\t<div class=\"img has-hover x md-x lg-x y md-y lg-y\" id=\"image_464679862\">\n\t\t\t\t\t\t\t\t<div class=\"img-inner dark\" >\n\t\t\t<img loading=\"lazy\" decoding=\"async\" width=\"500\" height=\"500\" src=\"https:\/\/jasminelightsouls.com\/wp-content\/uploads\/2025\/05\/kapcsolat-ikon-3.png\" class=\"attachment-original size-original\" alt=\"\" srcset=\"https:\/\/jasminelightsouls.com\/wp-content\/uploads\/2025\/05\/kapcsolat-ikon-3.png 500w, https:\/\/jasminelightsouls.com\/wp-content\/uploads\/2025\/05\/kapcsolat-ikon-3-300x300.png 300w, https:\/\/jasminelightsouls.com\/wp-content\/uploads\/2025\/05\/kapcsolat-ikon-3-150x150.png 150w\" sizes=\"auto, (max-width: 500px) 100vw, 500px\" \/>\t\t\t\t\t\t\n\t\t\t\t\t<\/div>\n\t\t\t\t\t\t\t\t\n<style>\n#image_464679862 {\n  width: 41%;\n}\n<\/style>\n\t<\/div>\n\t\n\n<h2>K\u00f6z\u00f6ss\u00e9g<\/h2>\n\t<div id=\"text-1216972379\" class=\"text\">\n\t\t\n\n<p><i class=\"fa-brands fa-square-facebook\"><\/i> <a href=\"https:\/\/www.facebook.com\/profile.php?id=100063702483795\" target=\"_blank\" rel=\"noopener\">Facebook<\/a> \/ <i class=\"fa-brands fa-square-instagram\"><\/i><a href=\"https:\/\/www.instagram.com\/jasmine_light_souls\" target=\"_blank\" rel=\"noopener\"> Instagram<\/a><\/p>\n\n\t\t\n<style>\n#text-1216972379 {\n  font-size: 1.25rem;\n}\n<\/style>\n\t<\/div>\n\t\n\n\t\t<\/div>\n\t\t\t\t\n<style>\n#col-1706796647 > .col-inner {\n  padding: 20px 20px 20px 20px;\n}\n<\/style>\n\t<\/div>\n\n\t\n\n<\/div>\n\n\t\t<\/div>\n\n\t\t\n<style>\n#section_346323126 {\n  padding-top: 90px;\n  padding-bottom: 90px;\n}\n<\/style>\n\t<\/section>","protected":false},"excerpt":{"rendered":"","protected":false},"author":1,"featured_media":0,"parent":0,"menu_order":0,"comment_status":"closed","ping_status":"closed","template":"page-blank.php","meta":{"footnotes":""},"class_list":["post-13","page","type-page","status-publish","hentry"],"yoast_head":"<!-- This site is optimized with the Yoast SEO plugin v27.6 - https:\/\/yoast.com\/product\/yoast-seo-wordpress\/ -->\n<title>Contact - jasminelightsouls<\/title>\n<meta name=\"robots\" content=\"index, follow, max-snippet:-1, max-image-preview:large, max-video-preview:-1\" \/>\n<link rel=\"canonical\" href=\"https:\/\/jasminelightsouls.com\/hu\/contact\/\" \/>\n<meta property=\"og:locale\" content=\"hu_HU\" \/>\n<meta property=\"og:type\" content=\"article\" \/>\n<meta property=\"og:title\" content=\"Contact - jasminelightsouls\" \/>\n<meta property=\"og:url\" content=\"https:\/\/jasminelightsouls.com\/hu\/contact\/\" \/>\n<meta property=\"og:site_name\" content=\"jasminelightsouls\" \/>\n<meta property=\"article:publisher\" content=\"https:\/\/www.facebook.com\/profile.php?id=100063702483795\" \/>\n<meta property=\"article:modified_time\" content=\"2025-06-10T18:47:41+00:00\" \/>\n<meta name=\"twitter:card\" content=\"summary_large_image\" \/>\n<meta name=\"twitter:label1\" content=\"Becs\u00fclt olvas\u00e1si id\u0151\" \/>\n\t<meta name=\"twitter:data1\" content=\"1 perc\" \/>\n<script type=\"application\/ld+json\" class=\"yoast-schema-graph\">{\"@context\":\"https:\\\/\\\/schema.org\",\"@graph\":[{\"@type\":\"WebPage\",\"@id\":\"https:\\\/\\\/jasminelightsouls.com\\\/contact\\\/\",\"url\":\"https:\\\/\\\/jasminelightsouls.com\\\/contact\\\/\",\"name\":\"Contact - jasminelightsouls\",\"isPartOf\":{\"@id\":\"https:\\\/\\\/jasminelightsouls.com\\\/#website\"},\"datePublished\":\"2025-05-13T09:08:29+00:00\",\"dateModified\":\"2025-06-10T18:47:41+00:00\",\"breadcrumb\":{\"@id\":\"https:\\\/\\\/jasminelightsouls.com\\\/contact\\\/#breadcrumb\"},\"inLanguage\":\"hu\",\"potentialAction\":[{\"@type\":\"ReadAction\",\"target\":[\"https:\\\/\\\/jasminelightsouls.com\\\/contact\\\/\"]}]},{\"@type\":\"BreadcrumbList\",\"@id\":\"https:\\\/\\\/jasminelightsouls.com\\\/contact\\\/#breadcrumb\",\"itemListElement\":[{\"@type\":\"ListItem\",\"position\":1,\"name\":\"Home\",\"item\":\"https:\\\/\\\/jasminelightsouls.com\\\/\"},{\"@type\":\"ListItem\",\"position\":2,\"name\":\"Contact\"}]},{\"@type\":\"WebSite\",\"@id\":\"https:\\\/\\\/jasminelightsouls.com\\\/#website\",\"url\":\"https:\\\/\\\/jasminelightsouls.com\\\/\",\"name\":\"Jasminelightsouls\",\"description\":\"\",\"publisher\":{\"@id\":\"https:\\\/\\\/jasminelightsouls.com\\\/#organization\"},\"potentialAction\":[{\"@type\":\"SearchAction\",\"target\":{\"@type\":\"EntryPoint\",\"urlTemplate\":\"https:\\\/\\\/jasminelightsouls.com\\\/?s={search_term_string}\"},\"query-input\":{\"@type\":\"PropertyValueSpecification\",\"valueRequired\":true,\"valueName\":\"search_term_string\"}}],\"inLanguage\":\"hu\"},{\"@type\":\"Organization\",\"@id\":\"https:\\\/\\\/jasminelightsouls.com\\\/#organization\",\"name\":\"Jasminelightsouls\",\"url\":\"https:\\\/\\\/jasminelightsouls.com\\\/\",\"logo\":{\"@type\":\"ImageObject\",\"inLanguage\":\"hu\",\"@id\":\"https:\\\/\\\/jasminelightsouls.com\\\/#\\\/schema\\\/logo\\\/image\\\/\",\"url\":\"https:\\\/\\\/jasminelightsouls.com\\\/wp-content\\\/uploads\\\/2025\\\/06\\\/jasminlogo-1.png\",\"contentUrl\":\"https:\\\/\\\/jasminelightsouls.com\\\/wp-content\\\/uploads\\\/2025\\\/06\\\/jasminlogo-1.png\",\"width\":1563,\"height\":405,\"caption\":\"Jasminelightsouls\"},\"image\":{\"@id\":\"https:\\\/\\\/jasminelightsouls.com\\\/#\\\/schema\\\/logo\\\/image\\\/\"},\"sameAs\":[\"https:\\\/\\\/www.facebook.com\\\/profile.php?id=100063702483795\"]}]}<\/script>\n<!-- \/ Yoast SEO plugin. -->","yoast_head_json":{"title":"Contact - jasminelightsouls","robots":{"index":"index","follow":"follow","max-snippet":"max-snippet:-1","max-image-preview":"max-image-preview:large","max-video-preview":"max-video-preview:-1"},"canonical":"https:\/\/jasminelightsouls.com\/hu\/contact\/","og_locale":"hu_HU","og_type":"article","og_title":"Contact - jasminelightsouls","og_url":"https:\/\/jasminelightsouls.com\/hu\/contact\/","og_site_name":"jasminelightsouls","article_publisher":"https:\/\/www.facebook.com\/profile.php?id=100063702483795","article_modified_time":"2025-06-10T18:47:41+00:00","twitter_card":"summary_large_image","twitter_misc":{"Becs\u00fclt olvas\u00e1si id\u0151":"1 perc"},"schema":{"@context":"https:\/\/schema.org","@graph":[{"@type":"WebPage","@id":"https:\/\/jasminelightsouls.com\/contact\/","url":"https:\/\/jasminelightsouls.com\/contact\/","name":"Contact - jasminelightsouls","isPartOf":{"@id":"https:\/\/jasminelightsouls.com\/#website"},"datePublished":"2025-05-13T09:08:29+00:00","dateModified":"2025-06-10T18:47:41+00:00","breadcrumb":{"@id":"https:\/\/jasminelightsouls.com\/contact\/#breadcrumb"},"inLanguage":"hu","potentialAction":[{"@type":"ReadAction","target":["https:\/\/jasminelightsouls.com\/contact\/"]}]},{"@type":"BreadcrumbList","@id":"https:\/\/jasminelightsouls.com\/contact\/#breadcrumb","itemListElement":[{"@type":"ListItem","position":1,"name":"Home","item":"https:\/\/jasminelightsouls.com\/"},{"@type":"ListItem","position":2,"name":"Contact"}]},{"@type":"WebSite","@id":"https:\/\/jasminelightsouls.com\/#website","url":"https:\/\/jasminelightsouls.com\/","name":"Jasminelightsouls","description":"","publisher":{"@id":"https:\/\/jasminelightsouls.com\/#organization"},"potentialAction":[{"@type":"SearchAction","target":{"@type":"EntryPoint","urlTemplate":"https:\/\/jasminelightsouls.com\/?s={search_term_string}"},"query-input":{"@type":"PropertyValueSpecification","valueRequired":true,"valueName":"search_term_string"}}],"inLanguage":"hu"},{"@type":"Organization","@id":"https:\/\/jasminelightsouls.com\/#organization","name":"Jasminelightsouls","url":"https:\/\/jasminelightsouls.com\/","logo":{"@type":"ImageObject","inLanguage":"hu","@id":"https:\/\/jasminelightsouls.com\/#\/schema\/logo\/image\/","url":"https:\/\/jasminelightsouls.com\/wp-content\/uploads\/2025\/06\/jasminlogo-1.png","contentUrl":"https:\/\/jasminelightsouls.com\/wp-content\/uploads\/2025\/06\/jasminlogo-1.png","width":1563,"height":405,"caption":"Jasminelightsouls"},"image":{"@id":"https:\/\/jasminelightsouls.com\/#\/schema\/logo\/image\/"},"sameAs":["https:\/\/www.facebook.com\/profile.php?id=100063702483795"]}]}},"_links":{"self":[{"href":"https:\/\/jasminelightsouls.com\/hu\/wp-json\/wp\/v2\/pages\/13","targetHints":{"allow":["GET"]}}],"collection":[{"href":"https:\/\/jasminelightsouls.com\/hu\/wp-json\/wp\/v2\/pages"}],"about":[{"href":"https:\/\/jasminelightsouls.com\/hu\/wp-json\/wp\/v2\/types\/page"}],"author":[{"embeddable":true,"href":"https:\/\/jasminelightsouls.com\/hu\/wp-json\/wp\/v2\/users\/1"}],"replies":[{"embeddable":true,"href":"https:\/\/jasminelightsouls.com\/hu\/wp-json\/wp\/v2\/comments?post=13"}],"version-history":[{"count":19,"href":"https:\/\/jasminelightsouls.com\/hu\/wp-json\/wp\/v2\/pages\/13\/revisions"}],"predecessor-version":[{"id":402,"href":"https:\/\/jasminelightsouls.com\/hu\/wp-json\/wp\/v2\/pages\/13\/revisions\/402"}],"wp:attachment":[{"href":"https:\/\/jasminelightsouls.com\/hu\/wp-json\/wp\/v2\/media?parent=13"}],"curies":[{"name":"wp","href":"https:\/\/api.w.org\/{rel}","templated":true}]}}