{"id":10,"date":"2025-05-13T11:03:22","date_gmt":"2025-05-13T09:03:22","guid":{"rendered":"https:\/\/jasminelightsouls.com\/?page_id=10"},"modified":"2025-06-10T20:57:32","modified_gmt":"2025-06-10T18:57:32","slug":"about-me","status":"publish","type":"page","link":"https:\/\/jasminelightsouls.com\/hu\/about-me\/","title":{"rendered":"R\u00f3lam"},"content":{"rendered":"<section class=\"section\" id=\"section_995665747\">\n\t\t<div class=\"section-bg fill\" >\n\t\t\t\t\t\t\t\t\t\n\t\t\t\n\n\t\t<\/div>\n\n\t\t\n\n\t\t<div class=\"section-content relative\">\n\t\t\t\n\n<div class=\"row\"  id=\"row-1842873307\">\n\n\n\t<div id=\"col-92978986\" class=\"col medium-5 small-12 large-4\"  >\n\t\t<div class=\"is-sticky-column\"><div class=\"is-sticky-column__inner\">\t\t<div class=\"col-inner\"  >\n\t\t\t\n\t\t\t\n\n\n  <div class=\"banner has-hover\" id=\"banner-1280797133\">\n          <div class=\"banner-inner fill\">\n        <div class=\"banner-bg fill\" >\n            <img loading=\"lazy\" decoding=\"async\" width=\"1080\" height=\"1063\" src=\"https:\/\/jasminelightsouls.com\/wp-content\/uploads\/2025\/05\/20250518_195243.jpg\" class=\"bg attachment-original size-original\" alt=\"\" \/>                                    \n                    <\/div>\n\t\t\n        <div class=\"banner-layers container\">\n            <div class=\"fill banner-link\"><\/div>            \n\n   <div id=\"text-box-1124594104\" class=\"text-box banner-layer x50 md-x50 lg-x50 y50 md-y50 lg-y50 res-text\">\n                                <div class=\"text-box-content text dark\">\n              \n              <div class=\"text-inner text-center\">\n                  \n\n\n              <\/div>\n           <\/div>\n                            \n<style>\n#text-box-1124594104 {\n  width: 60%;\n}\n#text-box-1124594104 .text-box-content {\n  font-size: 100%;\n}\n@media (min-width:550px) {\n  #text-box-1124594104 {\n    width: 60%;\n  }\n}\n<\/style>\n    <\/div>\n \n\n        <\/div>\n      <\/div>\n\n            \n<style>\n#banner-1280797133 {\n  padding-top: 400px;\n  background-color: rgb(255, 255, 255);\n}\n@media (min-width:550px) {\n  #banner-1280797133 {\n    padding-top: 400px;\n  }\n}\n<\/style>\n  <\/div>\n\n\n\n\t\t<\/div>\n\t\t<\/div><\/div>\t\t\t<\/div>\n\n\t\n\n\t<div id=\"col-781506420\" class=\"col medium-7 small-12 large-8\"  >\n\t\t\t\t<div class=\"col-inner\"  >\n\t\t\t\n\t\t\t\n\n\t<div id=\"gap-384961003\" class=\"gap-element clearfix\" style=\"display:block; height:auto;\">\n\t\t\n<style>\n#gap-384961003 {\n  padding-top: 30px;\n}\n<\/style>\n\t<\/div>\n\t\n\n\t<div id=\"text-3085267495\" class=\"text\">\n\t\t\n\n<h3>R\u00f3lam<br \/>\n<\/h3>\n\t\t\n<style>\n#text-3085267495 {\n  font-size: 1.85rem;\n  line-height: 0.75;\n}\n<\/style>\n\t<\/div>\n\t\n<p>A nevem Vir\u00e1g, n\u00e9h\u00e1nyan a honlap neve ut\u00e1n J\u00e1zmin n\u00e9ven ismernek. Gyermekkorom \u00f3ta mindig is tudat\u00e1ban voltam a lelkeknek. \u00c9rezem a jelenl\u00e9t\u00fcket, \u00e9s \u00e9lvezem, hogy kapcsol\u00f3dhatok ezzel a l\u00e1thatatlan vil\u00e1ggal. Az els\u0151 \u00e9lm\u00e9nyem vel\u00fck egy k\u00f6zeli rokon hal\u00e1lakor volt. K\u00f6r\u00fclbel\u00fcl 9 \u00e9ves lehettem, nem voltam tiszt\u00e1ban azzal, hogy ez hova visz majd k\u00e9s\u0151bb az \u00e9letemben, de att\u00f3l a pillanatt\u00f3l kezdve a l\u00e1thatatlan vil\u00e1g lassan, fokozatosan elkezdett kit\u00e1rulkozni el\u0151ttem.<\/p>\n<p>Az elhunyt lelkek l\u00e1t\u00e1sa csak a kezdet volt ezen az \u00faton. Id\u0151vel nem \u201ecsak\u201d szellemeket l\u00e1ttam, energi\u00e1kat, aur\u00e1kat, \u00e9s k\u00e9pes voltam embereket olvasni an\u00e9lk\u00fcl, hogy l\u00e1tn\u00e1m \u0151ket, egyszer\u0171en csak r\u00e1hangol\u00f3dva. Ahogy telt az id\u0151, az adotts\u00e1gaim egyre er\u0151sebb\u00e9 \u00e9s tiszt\u00e1bb\u00e1 v\u00e1ltak, ami lehet\u0151v\u00e9 tette sz\u00e1momra, hogy m\u00e1soknak is seg\u00edtsek az \u00fatjukon. Megtiszteltet\u00e9s volt sz\u00e1momra, hogy \u00f6sszekapcsolhattam a fizikai vil\u00e1gban \u00e9l\u0151ket a szellemvil\u00e1gban \u00e9l\u0151 szeretteikkel.<\/p>\n<p>Az \u00fat nem volt mindig k\u00f6nny\u0171, tal\u00e1lkoztam olyan kih\u00edv\u00e1sokkal az \u00e9letben, amelyek meger\u0151s\u00edtettek, tan\u00edtottak engem, hogy b\u00edzzak a folyamatban. A szellemmel val\u00f3 munka mindig felemel\u0151. Szerencs\u00e9s voltam, hogy m\u00e1r fiatalon beker\u00fcltem a m\u00e9diumok vil\u00e1g\u00e1ba.  Ez val\u00f3ban megteremtette annak az alapj\u00e1t, aki ma vagyok. T\u00f6bb \u00e9v telt el az els\u0151 l\u00e9p\u00e9sek \u00f3ta, \u00e9s \u00e1ldottnak \u00e9rzem magam, hogy azt csin\u00e1lhatom, amit szeretek. Szeretem a szellemmel val\u00f3 kapcsolat bemutat\u00e1s\u00e1t, \u00e9s \u00e9lvezem, hogy m\u00e1sokat is vezethetek a saj\u00e1t fejl\u0151d\u00e9s\u00fckben.<\/p>\n<p>Izgatott vagyok, hogy te is ezen az \u00faton j\u00e1rsz, tal\u00e1n ez\u00e9rt l\u00e1togatsz el ma ide?  Mindannyian l\u00e9lek-l\u00e9nyek vagyunk, akik kapcsolatban \u00e1llnak egym\u00e1ssal \u00e9s egy magasabb tudatoss\u00e1ggal. Tudom, hogy a saj\u00e1t lelk\u00fcnkkel \u00e9s m\u00e1sokkal val\u00f3 kommunik\u00e1ci\u00f3ra val\u00f3 k\u00e9pess\u00e9g\u00fcnk, itt \u00e9s a szellemvil\u00e1gban egyar\u00e1nt fejl\u0151dik.<\/p>\n<p>Azt mondom, amit l\u00e1tok, \u00e9s nem azt, amit hallani szeretn\u00e9l. N\u00e9ha k\u00e9nyelmetlen lehet szemben\u00e9zni az igazs\u00e1ggal, de ink\u00e1bb kimondom a kem\u00e9ny igazs\u00e1got, mint az \u00e9des hazugs\u00e1got. Hiszem, hogy semmi sem v\u00e9letlen. Az \u00e9let gy\u00f6ny\u00f6r\u0171, m\u00e9g akkor is, ha kih\u00edv\u00e1sok \u00e9rnek minket, mert ezek a tapasztalatok az\u00e9rt vannak, hogy tanuljunk bel\u0151l\u00fck \u00e9s fejl\u0151dj\u00fcnk. A megfelel\u0151 gondolkod\u00e1sm\u00f3ddal semmi sem lehetetlen.<\/p>\n<p>A j\u00f6v\u0151 nincs k\u0151be v\u00e9sve - a szabad akarat, a d\u00f6nt\u00e9sek \u00e9s az energetikai mint\u00e1k alak\u00edtj\u00e1k. Nem mondom meg, hogy mit tegy\u00e9l, helyette a c\u00e9lom az, hogy \u00f6sszehangolt, l\u00e9lek \u00e1ltal vez\u00e9relt d\u00f6nt\u00e9seket hozz.<\/p>\n<p>A k\u00e9pess\u00e9geimet fentr\u0151l kaptam, a k\u00f6zvet\u00edt\u00e9sek sor\u00e1n nincs sz\u00fcks\u00e9gem se k\u00e1rty\u00e1ra vagy b\u00e1rmi eszk\u00f6zre ahhoz, hogy az inform\u00e1ci\u00f3kat megkapjam. Ugyanakkor nincs sz\u00fcks\u00e9gem f\u00e9nyk\u00e9pre, sz\u00fclet\u00e9si d\u00e1tumra sem vagy \u00e9ppen szem\u00e9lyes tal\u00e1lkoz\u00f3ra sem, ahhoz, hogy meg tudjam n\u00e9zni a hozz\u00e1m fordul\u00f3t.<\/p>\n\t<div id=\"gap-1700772944\" class=\"gap-element clearfix\" style=\"display:block; height:auto;\">\n\t\t\n<style>\n#gap-1700772944 {\n  padding-top: 30px;\n}\n<\/style>\n\t<\/div>\n\t\n\n<p><strong>Nem diagnosztiz\u00e1lok, \u00e9s nem adok orvosi, jogi vagy p\u00e9nz\u00fcgyi tan\u00e1csokat \u00e9s nem foglalkozom j\u00f3sl\u00e1ssal! \nMinden leolvas\u00e1s csak spiritu\u00e1lis \u00e9s energetikai \u00fatmutat\u00e1st ny\u00fajt, \u00e9s nem helyettes\u00edti a professzion\u00e1lis orvosi szolg\u00e1ltat\u00e1st.\nHiszem hogyha seg\u00edts\u00e9gedre tudok lenni, elvezetnek hozz\u00e1m!<\/strong><\/p>\n\t<div id=\"gap-766013600\" class=\"gap-element clearfix\" style=\"display:block; height:auto;\">\n\t\t\n<style>\n#gap-766013600 {\n  padding-top: 30px;\n}\n<\/style>\n\t<\/div>\n\t\n\n\n\t\t<\/div>\n\t\t\t\t\n<style>\n#col-781506420 > .col-inner {\n  padding: 0px 1% 0px 1%;\n}\n@media (min-width:550px) {\n  #col-781506420 > .col-inner {\n    padding: 0px 2% 0px 2%;\n  }\n}\n@media (min-width:850px) {\n  #col-781506420 > .col-inner {\n    padding: 0px 0px 0px 5%;\n  }\n}\n<\/style>\n\t<\/div>\n\n\t\n\n<\/div>\n\n\t\t<\/div>\n\n\t\t\n<style>\n#section_995665747 {\n  padding-top: 80px;\n  padding-bottom: 80px;\n}\n<\/style>\n\t<\/section>","protected":false},"excerpt":{"rendered":"","protected":false},"author":1,"featured_media":0,"parent":0,"menu_order":0,"comment_status":"closed","ping_status":"closed","template":"page-blank.php","meta":{"footnotes":""},"class_list":["post-10","page","type-page","status-publish","hentry"],"yoast_head":"<!-- This site is optimized with the Yoast SEO plugin v27.6 - https:\/\/yoast.com\/product\/yoast-seo-wordpress\/ -->\n<title>About me - jasminelightsouls<\/title>\n<meta name=\"robots\" content=\"index, follow, max-snippet:-1, max-image-preview:large, max-video-preview:-1\" \/>\n<link rel=\"canonical\" href=\"https:\/\/jasminelightsouls.com\/hu\/about-me\/\" \/>\n<meta property=\"og:locale\" content=\"hu_HU\" \/>\n<meta property=\"og:type\" content=\"article\" \/>\n<meta property=\"og:title\" content=\"About me - jasminelightsouls\" \/>\n<meta property=\"og:url\" content=\"https:\/\/jasminelightsouls.com\/hu\/about-me\/\" \/>\n<meta property=\"og:site_name\" content=\"jasminelightsouls\" \/>\n<meta property=\"article:publisher\" content=\"https:\/\/www.facebook.com\/profile.php?id=100063702483795\" \/>\n<meta property=\"article:modified_time\" content=\"2025-06-10T18:57:32+00:00\" \/>\n<meta name=\"twitter:card\" content=\"summary_large_image\" \/>\n<meta name=\"twitter:label1\" content=\"Becs\u00fclt olvas\u00e1si id\u0151\" \/>\n\t<meta name=\"twitter:data1\" content=\"3 perc\" \/>\n<script type=\"application\/ld+json\" class=\"yoast-schema-graph\">{\"@context\":\"https:\\\/\\\/schema.org\",\"@graph\":[{\"@type\":\"WebPage\",\"@id\":\"https:\\\/\\\/jasminelightsouls.com\\\/about-me\\\/\",\"url\":\"https:\\\/\\\/jasminelightsouls.com\\\/about-me\\\/\",\"name\":\"About me - jasminelightsouls\",\"isPartOf\":{\"@id\":\"https:\\\/\\\/jasminelightsouls.com\\\/#website\"},\"datePublished\":\"2025-05-13T09:03:22+00:00\",\"dateModified\":\"2025-06-10T18:57:32+00:00\",\"breadcrumb\":{\"@id\":\"https:\\\/\\\/jasminelightsouls.com\\\/about-me\\\/#breadcrumb\"},\"inLanguage\":\"hu\",\"potentialAction\":[{\"@type\":\"ReadAction\",\"target\":[\"https:\\\/\\\/jasminelightsouls.com\\\/about-me\\\/\"]}]},{\"@type\":\"BreadcrumbList\",\"@id\":\"https:\\\/\\\/jasminelightsouls.com\\\/about-me\\\/#breadcrumb\",\"itemListElement\":[{\"@type\":\"ListItem\",\"position\":1,\"name\":\"Home\",\"item\":\"https:\\\/\\\/jasminelightsouls.com\\\/\"},{\"@type\":\"ListItem\",\"position\":2,\"name\":\"About me\"}]},{\"@type\":\"WebSite\",\"@id\":\"https:\\\/\\\/jasminelightsouls.com\\\/#website\",\"url\":\"https:\\\/\\\/jasminelightsouls.com\\\/\",\"name\":\"Jasminelightsouls\",\"description\":\"\",\"publisher\":{\"@id\":\"https:\\\/\\\/jasminelightsouls.com\\\/#organization\"},\"potentialAction\":[{\"@type\":\"SearchAction\",\"target\":{\"@type\":\"EntryPoint\",\"urlTemplate\":\"https:\\\/\\\/jasminelightsouls.com\\\/?s={search_term_string}\"},\"query-input\":{\"@type\":\"PropertyValueSpecification\",\"valueRequired\":true,\"valueName\":\"search_term_string\"}}],\"inLanguage\":\"hu\"},{\"@type\":\"Organization\",\"@id\":\"https:\\\/\\\/jasminelightsouls.com\\\/#organization\",\"name\":\"Jasminelightsouls\",\"url\":\"https:\\\/\\\/jasminelightsouls.com\\\/\",\"logo\":{\"@type\":\"ImageObject\",\"inLanguage\":\"hu\",\"@id\":\"https:\\\/\\\/jasminelightsouls.com\\\/#\\\/schema\\\/logo\\\/image\\\/\",\"url\":\"https:\\\/\\\/jasminelightsouls.com\\\/wp-content\\\/uploads\\\/2025\\\/06\\\/jasminlogo-1.png\",\"contentUrl\":\"https:\\\/\\\/jasminelightsouls.com\\\/wp-content\\\/uploads\\\/2025\\\/06\\\/jasminlogo-1.png\",\"width\":1563,\"height\":405,\"caption\":\"Jasminelightsouls\"},\"image\":{\"@id\":\"https:\\\/\\\/jasminelightsouls.com\\\/#\\\/schema\\\/logo\\\/image\\\/\"},\"sameAs\":[\"https:\\\/\\\/www.facebook.com\\\/profile.php?id=100063702483795\"]}]}<\/script>\n<!-- \/ Yoast SEO plugin. -->","yoast_head_json":{"title":"About me - jasminelightsouls","robots":{"index":"index","follow":"follow","max-snippet":"max-snippet:-1","max-image-preview":"max-image-preview:large","max-video-preview":"max-video-preview:-1"},"canonical":"https:\/\/jasminelightsouls.com\/hu\/about-me\/","og_locale":"hu_HU","og_type":"article","og_title":"About me - jasminelightsouls","og_url":"https:\/\/jasminelightsouls.com\/hu\/about-me\/","og_site_name":"jasminelightsouls","article_publisher":"https:\/\/www.facebook.com\/profile.php?id=100063702483795","article_modified_time":"2025-06-10T18:57:32+00:00","twitter_card":"summary_large_image","twitter_misc":{"Becs\u00fclt olvas\u00e1si id\u0151":"3 perc"},"schema":{"@context":"https:\/\/schema.org","@graph":[{"@type":"WebPage","@id":"https:\/\/jasminelightsouls.com\/about-me\/","url":"https:\/\/jasminelightsouls.com\/about-me\/","name":"About me - jasminelightsouls","isPartOf":{"@id":"https:\/\/jasminelightsouls.com\/#website"},"datePublished":"2025-05-13T09:03:22+00:00","dateModified":"2025-06-10T18:57:32+00:00","breadcrumb":{"@id":"https:\/\/jasminelightsouls.com\/about-me\/#breadcrumb"},"inLanguage":"hu","potentialAction":[{"@type":"ReadAction","target":["https:\/\/jasminelightsouls.com\/about-me\/"]}]},{"@type":"BreadcrumbList","@id":"https:\/\/jasminelightsouls.com\/about-me\/#breadcrumb","itemListElement":[{"@type":"ListItem","position":1,"name":"Home","item":"https:\/\/jasminelightsouls.com\/"},{"@type":"ListItem","position":2,"name":"About me"}]},{"@type":"WebSite","@id":"https:\/\/jasminelightsouls.com\/#website","url":"https:\/\/jasminelightsouls.com\/","name":"Jasminelightsouls","description":"","publisher":{"@id":"https:\/\/jasminelightsouls.com\/#organization"},"potentialAction":[{"@type":"SearchAction","target":{"@type":"EntryPoint","urlTemplate":"https:\/\/jasminelightsouls.com\/?s={search_term_string}"},"query-input":{"@type":"PropertyValueSpecification","valueRequired":true,"valueName":"search_term_string"}}],"inLanguage":"hu"},{"@type":"Organization","@id":"https:\/\/jasminelightsouls.com\/#organization","name":"Jasminelightsouls","url":"https:\/\/jasminelightsouls.com\/","logo":{"@type":"ImageObject","inLanguage":"hu","@id":"https:\/\/jasminelightsouls.com\/#\/schema\/logo\/image\/","url":"https:\/\/jasminelightsouls.com\/wp-content\/uploads\/2025\/06\/jasminlogo-1.png","contentUrl":"https:\/\/jasminelightsouls.com\/wp-content\/uploads\/2025\/06\/jasminlogo-1.png","width":1563,"height":405,"caption":"Jasminelightsouls"},"image":{"@id":"https:\/\/jasminelightsouls.com\/#\/schema\/logo\/image\/"},"sameAs":["https:\/\/www.facebook.com\/profile.php?id=100063702483795"]}]}},"_links":{"self":[{"href":"https:\/\/jasminelightsouls.com\/hu\/wp-json\/wp\/v2\/pages\/10","targetHints":{"allow":["GET"]}}],"collection":[{"href":"https:\/\/jasminelightsouls.com\/hu\/wp-json\/wp\/v2\/pages"}],"about":[{"href":"https:\/\/jasminelightsouls.com\/hu\/wp-json\/wp\/v2\/types\/page"}],"author":[{"embeddable":true,"href":"https:\/\/jasminelightsouls.com\/hu\/wp-json\/wp\/v2\/users\/1"}],"replies":[{"embeddable":true,"href":"https:\/\/jasminelightsouls.com\/hu\/wp-json\/wp\/v2\/comments?post=10"}],"version-history":[{"count":16,"href":"https:\/\/jasminelightsouls.com\/hu\/wp-json\/wp\/v2\/pages\/10\/revisions"}],"predecessor-version":[{"id":405,"href":"https:\/\/jasminelightsouls.com\/hu\/wp-json\/wp\/v2\/pages\/10\/revisions\/405"}],"wp:attachment":[{"href":"https:\/\/jasminelightsouls.com\/hu\/wp-json\/wp\/v2\/media?parent=10"}],"curies":[{"name":"wp","href":"https:\/\/api.w.org\/{rel}","templated":true}]}}